{"id":277,"date":"2019-12-08T13:27:02","date_gmt":"2019-12-08T12:27:02","guid":{"rendered":"https:\/\/opuntia-elaia.com\/?page_id=277"},"modified":"2026-02-28T20:20:24","modified_gmt":"2026-02-28T19:20:24","slug":"communs-elaia","status":"publish","type":"page","link":"https:\/\/opuntia-elaia.com\/index.php\/communs-elaia\/","title":{"rendered":"Communs | Elaia"},"content":{"rendered":"\n<figure class=\"wp-block-image size-large\"><img loading=\"lazy\" decoding=\"async\" width=\"1024\" height=\"768\" src=\"https:\/\/opuntia-elaia.com\/wp-content\/uploads\/2025\/08\/1-3-1024x768.jpg\" alt=\"\" class=\"wp-image-1437\" srcset=\"https:\/\/opuntia-elaia.com\/wp-content\/uploads\/2025\/08\/1-3-1024x768.jpg 1024w, https:\/\/opuntia-elaia.com\/wp-content\/uploads\/2025\/08\/1-3-300x225.jpg 300w, https:\/\/opuntia-elaia.com\/wp-content\/uploads\/2025\/08\/1-3-768x576.jpg 768w, https:\/\/opuntia-elaia.com\/wp-content\/uploads\/2025\/08\/1-3-1536x1152.jpg 1536w, https:\/\/opuntia-elaia.com\/wp-content\/uploads\/2025\/08\/1-3-2048x1536.jpg 2048w, https:\/\/opuntia-elaia.com\/wp-content\/uploads\/2025\/08\/1-3-67x50.jpg 67w, https:\/\/opuntia-elaia.com\/wp-content\/uploads\/2025\/08\/1-3-650x488.jpg 650w, https:\/\/opuntia-elaia.com\/wp-content\/uploads\/2025\/08\/1-3-1000x750.jpg 1000w\" sizes=\"(max-width: 1024px) 100vw, 1024px\" \/><\/figure>\n\n\n\n<div style=\"height:100px\" aria-hidden=\"true\" class=\"wp-block-spacer\"><\/div>\n\n\n\n<h5>ESPACES COMMUNS<\/h5>\n\n\n\n<h2 class=\"wp-block-heading\"> Les locataires de Silvis et de Phoeb\u00e9 peuvent profiter d&rsquo;un jardin d&rsquo;oliviers centenaires, o\u00f9 se trouvent une balan\u00e7oire, un hamac, une table de jardin. La piscine est accessible \u00e0 tous \u00e0 compte de 10h30 tous les jours. Il s&rsquo;agit d&rsquo;un bassin chauff\u00e9 de 14 m x 5 m, entour\u00e9 de belles plages o\u00f9 des palmiers washingtonia ont \u00e9t\u00e9 plant\u00e9s. Dans cet espace se trouve aussi des transats o\u00f9 se reposer, un salon de jardin et un espace repas abrit\u00e9 avec barbecues, une douche ainsi que des toilettes. <br><\/h2>\n\n\n\n<div style=\"height:100px\" aria-hidden=\"true\" class=\"wp-block-spacer\"><\/div>\n\n\n\n<figure class=\"wp-block-image size-large\"><img loading=\"lazy\" decoding=\"async\" width=\"1024\" height=\"768\" src=\"https:\/\/opuntia-elaia.com\/wp-content\/uploads\/2026\/02\/3-1024x768.jpg\" alt=\"\" class=\"wp-image-1617\" srcset=\"https:\/\/opuntia-elaia.com\/wp-content\/uploads\/2026\/02\/3-1024x768.jpg 1024w, https:\/\/opuntia-elaia.com\/wp-content\/uploads\/2026\/02\/3-300x225.jpg 300w, https:\/\/opuntia-elaia.com\/wp-content\/uploads\/2026\/02\/3-768x576.jpg 768w, https:\/\/opuntia-elaia.com\/wp-content\/uploads\/2026\/02\/3-1536x1152.jpg 1536w, https:\/\/opuntia-elaia.com\/wp-content\/uploads\/2026\/02\/3-67x50.jpg 67w, https:\/\/opuntia-elaia.com\/wp-content\/uploads\/2026\/02\/3-650x488.jpg 650w, https:\/\/opuntia-elaia.com\/wp-content\/uploads\/2026\/02\/3-1000x750.jpg 1000w, https:\/\/opuntia-elaia.com\/wp-content\/uploads\/2026\/02\/3.jpg 1777w\" sizes=\"(max-width: 1024px) 100vw, 1024px\" \/><\/figure>\n\n\n\n<h6>Les oliviers centenaires<\/h6>\n\n\n\n<figure class=\"wp-block-image\"><img loading=\"lazy\" decoding=\"async\" width=\"1024\" height=\"768\" src=\"https:\/\/opuntia-elaia.com\/wp-content\/uploads\/2021\/02\/location-touristique-aude-tourouzelles_grande_piscine_oliveraie-6-1024x768.jpg\" alt=\"\" class=\"wp-image-955\" srcset=\"https:\/\/opuntia-elaia.com\/wp-content\/uploads\/2021\/02\/location-touristique-aude-tourouzelles_grande_piscine_oliveraie-6-1024x768.jpg 1024w, https:\/\/opuntia-elaia.com\/wp-content\/uploads\/2021\/02\/location-touristique-aude-tourouzelles_grande_piscine_oliveraie-6-300x225.jpg 300w, https:\/\/opuntia-elaia.com\/wp-content\/uploads\/2021\/02\/location-touristique-aude-tourouzelles_grande_piscine_oliveraie-6-768x576.jpg 768w, https:\/\/opuntia-elaia.com\/wp-content\/uploads\/2021\/02\/location-touristique-aude-tourouzelles_grande_piscine_oliveraie-6-67x50.jpg 67w, https:\/\/opuntia-elaia.com\/wp-content\/uploads\/2021\/02\/location-touristique-aude-tourouzelles_grande_piscine_oliveraie-6-650x488.jpg 650w, https:\/\/opuntia-elaia.com\/wp-content\/uploads\/2021\/02\/location-touristique-aude-tourouzelles_grande_piscine_oliveraie-6-1000x750.jpg 1000w, https:\/\/opuntia-elaia.com\/wp-content\/uploads\/2021\/02\/location-touristique-aude-tourouzelles_grande_piscine_oliveraie-6.jpg 1777w\" sizes=\"(max-width: 1024px) 100vw, 1024px\" \/><\/figure>\n\n\n\n<h6>LES BAINS DE SOLEIL<\/h6>\n\n\n\n<figure class=\"wp-block-image\"><img loading=\"lazy\" decoding=\"async\" width=\"1024\" height=\"768\" src=\"https:\/\/opuntia-elaia.com\/wp-content\/uploads\/2021\/02\/2-1024x768.jpg\" alt=\"\" class=\"wp-image-942\" srcset=\"https:\/\/opuntia-elaia.com\/wp-content\/uploads\/2021\/02\/2-1024x768.jpg 1024w, https:\/\/opuntia-elaia.com\/wp-content\/uploads\/2021\/02\/2-300x225.jpg 300w, https:\/\/opuntia-elaia.com\/wp-content\/uploads\/2021\/02\/2-768x576.jpg 768w, https:\/\/opuntia-elaia.com\/wp-content\/uploads\/2021\/02\/2-67x50.jpg 67w, https:\/\/opuntia-elaia.com\/wp-content\/uploads\/2021\/02\/2-650x488.jpg 650w, https:\/\/opuntia-elaia.com\/wp-content\/uploads\/2021\/02\/2-1000x750.jpg 1000w\" sizes=\"(max-width: 1024px) 100vw, 1024px\" \/><\/figure>\n\n\n\n<h6>LA VILLA DEVANT LE LAC DE JOUARRES ET LA MONTAGNE NOIRE<\/h6>\n\n\n\n<figure class=\"wp-block-image size-large\"><img loading=\"lazy\" decoding=\"async\" width=\"1024\" height=\"768\" src=\"https:\/\/opuntia-elaia.com\/wp-content\/uploads\/2026\/02\/37-1-1024x768.jpg\" alt=\"\" class=\"wp-image-1636\" srcset=\"https:\/\/opuntia-elaia.com\/wp-content\/uploads\/2026\/02\/37-1-1024x768.jpg 1024w, https:\/\/opuntia-elaia.com\/wp-content\/uploads\/2026\/02\/37-1-300x225.jpg 300w, https:\/\/opuntia-elaia.com\/wp-content\/uploads\/2026\/02\/37-1-768x576.jpg 768w, https:\/\/opuntia-elaia.com\/wp-content\/uploads\/2026\/02\/37-1-1536x1152.jpg 1536w, https:\/\/opuntia-elaia.com\/wp-content\/uploads\/2026\/02\/37-1-2048x1536.jpg 2048w, https:\/\/opuntia-elaia.com\/wp-content\/uploads\/2026\/02\/37-1-67x50.jpg 67w, https:\/\/opuntia-elaia.com\/wp-content\/uploads\/2026\/02\/37-1-650x488.jpg 650w, https:\/\/opuntia-elaia.com\/wp-content\/uploads\/2026\/02\/37-1-1000x750.jpg 1000w\" sizes=\"(max-width: 1024px) 100vw, 1024px\" \/><\/figure>\n\n\n\n<h6>LA PROPRIETE DANS SON ECRIN NATUREL<\/h6>\n\n\n\n<figure class=\"wp-block-image\"><img loading=\"lazy\" decoding=\"async\" width=\"1024\" height=\"768\" src=\"https:\/\/opuntia-elaia.com\/wp-content\/uploads\/2022\/08\/20220711_105847-1024x768.jpg\" alt=\"\" class=\"wp-image-1057\" srcset=\"https:\/\/opuntia-elaia.com\/wp-content\/uploads\/2022\/08\/20220711_105847.jpg 1024w, https:\/\/opuntia-elaia.com\/wp-content\/uploads\/2022\/08\/20220711_105847-300x225.jpg 300w, https:\/\/opuntia-elaia.com\/wp-content\/uploads\/2022\/08\/20220711_105847-768x576.jpg 768w, https:\/\/opuntia-elaia.com\/wp-content\/uploads\/2022\/08\/20220711_105847-67x50.jpg 67w, https:\/\/opuntia-elaia.com\/wp-content\/uploads\/2022\/08\/20220711_105847-650x488.jpg 650w, https:\/\/opuntia-elaia.com\/wp-content\/uploads\/2022\/08\/20220711_105847-1000x750.jpg 1000w\" sizes=\"(max-width: 1024px) 100vw, 1024px\" \/><\/figure>\n\n\n\n<h6>L&rsquo;ENTREE<\/h6>\n\n\n\n<figure class=\"wp-block-image size-large\"><img loading=\"lazy\" decoding=\"async\" width=\"1024\" height=\"768\" src=\"https:\/\/opuntia-elaia.com\/wp-content\/uploads\/2026\/02\/32-1024x768.jpg\" alt=\"\" class=\"wp-image-1606\" srcset=\"https:\/\/opuntia-elaia.com\/wp-content\/uploads\/2026\/02\/32-1024x768.jpg 1024w, https:\/\/opuntia-elaia.com\/wp-content\/uploads\/2026\/02\/32-300x225.jpg 300w, https:\/\/opuntia-elaia.com\/wp-content\/uploads\/2026\/02\/32-768x576.jpg 768w, https:\/\/opuntia-elaia.com\/wp-content\/uploads\/2026\/02\/32-1536x1152.jpg 1536w, https:\/\/opuntia-elaia.com\/wp-content\/uploads\/2026\/02\/32-2048x1536.jpg 2048w, https:\/\/opuntia-elaia.com\/wp-content\/uploads\/2026\/02\/32-67x50.jpg 67w, https:\/\/opuntia-elaia.com\/wp-content\/uploads\/2026\/02\/32-650x488.jpg 650w, https:\/\/opuntia-elaia.com\/wp-content\/uploads\/2026\/02\/32-1000x750.jpg 1000w\" sizes=\"(max-width: 1024px) 100vw, 1024px\" \/><\/figure>\n\n\n\n<h6>LE BASSIN DE 14 M CHAUFFE<\/h6>\n\n\n\n<figure class=\"wp-block-image\"><img loading=\"lazy\" decoding=\"async\" width=\"1024\" height=\"768\" src=\"https:\/\/opuntia-elaia.com\/wp-content\/uploads\/2022\/08\/20220711_105930-1-1024x768.jpg\" alt=\"\" class=\"wp-image-1127\" srcset=\"https:\/\/opuntia-elaia.com\/wp-content\/uploads\/2022\/08\/20220711_105930-1.jpg 1024w, https:\/\/opuntia-elaia.com\/wp-content\/uploads\/2022\/08\/20220711_105930-1-300x225.jpg 300w, https:\/\/opuntia-elaia.com\/wp-content\/uploads\/2022\/08\/20220711_105930-1-768x576.jpg 768w, https:\/\/opuntia-elaia.com\/wp-content\/uploads\/2022\/08\/20220711_105930-1-67x50.jpg 67w, https:\/\/opuntia-elaia.com\/wp-content\/uploads\/2022\/08\/20220711_105930-1-650x488.jpg 650w, https:\/\/opuntia-elaia.com\/wp-content\/uploads\/2022\/08\/20220711_105930-1-1000x750.jpg 1000w\" sizes=\"(max-width: 1024px) 100vw, 1024px\" \/><\/figure>\n\n\n\n<h6>LE PARKING POUR LES LOCATAIRES DE SILVIS ET PHOEBE<\/h6>\n\n\n\n<figure class=\"wp-block-image size-large\"><img loading=\"lazy\" decoding=\"async\" width=\"1024\" height=\"768\" src=\"https:\/\/opuntia-elaia.com\/wp-content\/uploads\/2025\/12\/20250930_201619-1024x768.jpg\" alt=\"\" class=\"wp-image-1562\" srcset=\"https:\/\/opuntia-elaia.com\/wp-content\/uploads\/2025\/12\/20250930_201619-1024x768.jpg 1024w, https:\/\/opuntia-elaia.com\/wp-content\/uploads\/2025\/12\/20250930_201619-300x225.jpg 300w, https:\/\/opuntia-elaia.com\/wp-content\/uploads\/2025\/12\/20250930_201619-768x576.jpg 768w, https:\/\/opuntia-elaia.com\/wp-content\/uploads\/2025\/12\/20250930_201619-1536x1152.jpg 1536w, https:\/\/opuntia-elaia.com\/wp-content\/uploads\/2025\/12\/20250930_201619-2048x1536.jpg 2048w, https:\/\/opuntia-elaia.com\/wp-content\/uploads\/2025\/12\/20250930_201619-67x50.jpg 67w, https:\/\/opuntia-elaia.com\/wp-content\/uploads\/2025\/12\/20250930_201619-650x488.jpg 650w, https:\/\/opuntia-elaia.com\/wp-content\/uploads\/2025\/12\/20250930_201619-1000x750.jpg 1000w\" sizes=\"(max-width: 1024px) 100vw, 1024px\" \/><\/figure>\n\n\n\n<h6>L&rsquo;ALLEE CENTRALE<\/h6>\n\n\n\n<figure class=\"wp-block-image size-large\"><img loading=\"lazy\" decoding=\"async\" width=\"1024\" height=\"768\" src=\"https:\/\/opuntia-elaia.com\/wp-content\/uploads\/2025\/08\/10-2-1024x768.jpg\" alt=\"\" class=\"wp-image-1439\" srcset=\"https:\/\/opuntia-elaia.com\/wp-content\/uploads\/2025\/08\/10-2-1024x768.jpg 1024w, https:\/\/opuntia-elaia.com\/wp-content\/uploads\/2025\/08\/10-2-300x225.jpg 300w, https:\/\/opuntia-elaia.com\/wp-content\/uploads\/2025\/08\/10-2-768x576.jpg 768w, https:\/\/opuntia-elaia.com\/wp-content\/uploads\/2025\/08\/10-2-1536x1152.jpg 1536w, https:\/\/opuntia-elaia.com\/wp-content\/uploads\/2025\/08\/10-2-2048x1536.jpg 2048w, https:\/\/opuntia-elaia.com\/wp-content\/uploads\/2025\/08\/10-2-67x50.jpg 67w, https:\/\/opuntia-elaia.com\/wp-content\/uploads\/2025\/08\/10-2-650x488.jpg 650w, https:\/\/opuntia-elaia.com\/wp-content\/uploads\/2025\/08\/10-2-1000x750.jpg 1000w\" sizes=\"(max-width: 1024px) 100vw, 1024px\" \/><\/figure>\n\n\n\n<h6>L&rsquo;ALLEE MENANT A LA PISCINE<\/h6>\n\n\n\n<figure class=\"wp-block-image\"><img loading=\"lazy\" decoding=\"async\" width=\"1024\" height=\"768\" src=\"https:\/\/opuntia-elaia.com\/wp-content\/uploads\/2021\/02\/9-2-1024x768.jpg\" alt=\"\" class=\"wp-image-951\" srcset=\"https:\/\/opuntia-elaia.com\/wp-content\/uploads\/2021\/02\/9-2-1024x768.jpg 1024w, https:\/\/opuntia-elaia.com\/wp-content\/uploads\/2021\/02\/9-2-300x225.jpg 300w, https:\/\/opuntia-elaia.com\/wp-content\/uploads\/2021\/02\/9-2-768x576.jpg 768w, https:\/\/opuntia-elaia.com\/wp-content\/uploads\/2021\/02\/9-2-67x50.jpg 67w, https:\/\/opuntia-elaia.com\/wp-content\/uploads\/2021\/02\/9-2-650x488.jpg 650w, https:\/\/opuntia-elaia.com\/wp-content\/uploads\/2021\/02\/9-2-1000x750.jpg 1000w\" sizes=\"(max-width: 1024px) 100vw, 1024px\" \/><\/figure>\n\n\n\n<h6>LA PISCINE : ENTREE<\/h6>\n\n\n\n<figure class=\"wp-block-image size-large\"><img loading=\"lazy\" decoding=\"async\" width=\"1024\" height=\"768\" src=\"https:\/\/opuntia-elaia.com\/wp-content\/uploads\/2025\/08\/2-2-1024x768.jpg\" alt=\"\" class=\"wp-image-1438\" srcset=\"https:\/\/opuntia-elaia.com\/wp-content\/uploads\/2025\/08\/2-2-1024x768.jpg 1024w, https:\/\/opuntia-elaia.com\/wp-content\/uploads\/2025\/08\/2-2-300x225.jpg 300w, https:\/\/opuntia-elaia.com\/wp-content\/uploads\/2025\/08\/2-2-768x576.jpg 768w, https:\/\/opuntia-elaia.com\/wp-content\/uploads\/2025\/08\/2-2-1536x1152.jpg 1536w, https:\/\/opuntia-elaia.com\/wp-content\/uploads\/2025\/08\/2-2-67x50.jpg 67w, https:\/\/opuntia-elaia.com\/wp-content\/uploads\/2025\/08\/2-2-650x488.jpg 650w, https:\/\/opuntia-elaia.com\/wp-content\/uploads\/2025\/08\/2-2-1000x750.jpg 1000w, https:\/\/opuntia-elaia.com\/wp-content\/uploads\/2025\/08\/2-2.jpg 1777w\" sizes=\"(max-width: 1024px) 100vw, 1024px\" \/><\/figure>\n\n\n\n<h6>LE BASSIN CHAUFFE DE 14 METRES<\/h6 >\n\n\n\n<figure class=\"wp-block-image size-large\"><img loading=\"lazy\" decoding=\"async\" width=\"1024\" height=\"768\" src=\"https:\/\/opuntia-elaia.com\/wp-content\/uploads\/2026\/02\/31-1-1024x768.jpg\" alt=\"\" class=\"wp-image-1605\" srcset=\"https:\/\/opuntia-elaia.com\/wp-content\/uploads\/2026\/02\/31-1-1024x768.jpg 1024w, https:\/\/opuntia-elaia.com\/wp-content\/uploads\/2026\/02\/31-1-300x225.jpg 300w, https:\/\/opuntia-elaia.com\/wp-content\/uploads\/2026\/02\/31-1-768x576.jpg 768w, https:\/\/opuntia-elaia.com\/wp-content\/uploads\/2026\/02\/31-1-1536x1152.jpg 1536w, https:\/\/opuntia-elaia.com\/wp-content\/uploads\/2026\/02\/31-1-2048x1536.jpg 2048w, https:\/\/opuntia-elaia.com\/wp-content\/uploads\/2026\/02\/31-1-67x50.jpg 67w, https:\/\/opuntia-elaia.com\/wp-content\/uploads\/2026\/02\/31-1-650x488.jpg 650w, https:\/\/opuntia-elaia.com\/wp-content\/uploads\/2026\/02\/31-1-1000x750.jpg 1000w\" sizes=\"(max-width: 1024px) 100vw, 1024px\" \/><\/figure>\n\n\n\n<h6>LES PALMIERS<\/h6>\n\n\n\n<figure class=\"wp-block-image size-large\"><img loading=\"lazy\" decoding=\"async\" width=\"1024\" height=\"768\" src=\"https:\/\/opuntia-elaia.com\/wp-content\/uploads\/2026\/02\/23-1024x768.jpg\" alt=\"\" class=\"wp-image-1613\" srcset=\"https:\/\/opuntia-elaia.com\/wp-content\/uploads\/2026\/02\/23-1024x768.jpg 1024w, https:\/\/opuntia-elaia.com\/wp-content\/uploads\/2026\/02\/23-300x225.jpg 300w, https:\/\/opuntia-elaia.com\/wp-content\/uploads\/2026\/02\/23-768x576.jpg 768w, https:\/\/opuntia-elaia.com\/wp-content\/uploads\/2026\/02\/23-1536x1152.jpg 1536w, https:\/\/opuntia-elaia.com\/wp-content\/uploads\/2026\/02\/23-2048x1536.jpg 2048w, https:\/\/opuntia-elaia.com\/wp-content\/uploads\/2026\/02\/23-67x50.jpg 67w, https:\/\/opuntia-elaia.com\/wp-content\/uploads\/2026\/02\/23-650x488.jpg 650w, https:\/\/opuntia-elaia.com\/wp-content\/uploads\/2026\/02\/23-1000x750.jpg 1000w\" sizes=\"(max-width: 1024px) 100vw, 1024px\" \/><\/figure>\n\n\n\n<h6>LE BASSIN CHAUFFE<\/h6>\n\n\n\n<figure class=\"wp-block-image size-large\"><img loading=\"lazy\" decoding=\"async\" width=\"1024\" height=\"768\" src=\"https:\/\/opuntia-elaia.com\/wp-content\/uploads\/2026\/02\/33-1024x768.jpg\" alt=\"\" class=\"wp-image-1611\" srcset=\"https:\/\/opuntia-elaia.com\/wp-content\/uploads\/2026\/02\/33-1024x768.jpg 1024w, https:\/\/opuntia-elaia.com\/wp-content\/uploads\/2026\/02\/33-300x225.jpg 300w, https:\/\/opuntia-elaia.com\/wp-content\/uploads\/2026\/02\/33-768x576.jpg 768w, https:\/\/opuntia-elaia.com\/wp-content\/uploads\/2026\/02\/33-1536x1152.jpg 1536w, https:\/\/opuntia-elaia.com\/wp-content\/uploads\/2026\/02\/33-2048x1536.jpg 2048w, https:\/\/opuntia-elaia.com\/wp-content\/uploads\/2026\/02\/33-67x50.jpg 67w, https:\/\/opuntia-elaia.com\/wp-content\/uploads\/2026\/02\/33-650x488.jpg 650w, https:\/\/opuntia-elaia.com\/wp-content\/uploads\/2026\/02\/33-1000x750.jpg 1000w\" sizes=\"(max-width: 1024px) 100vw, 1024px\" \/><\/figure>\n\n\n\n<h6>LE VIEUX MUR DE PIERRE RESTAURE<\/h6>\n\n\n\n<figure class=\"wp-block-image size-large\"><img loading=\"lazy\" decoding=\"async\" width=\"1024\" height=\"768\" src=\"https:\/\/opuntia-elaia.com\/wp-content\/uploads\/2026\/02\/28-1024x768.jpg\" alt=\"\" class=\"wp-image-1615\" srcset=\"https:\/\/opuntia-elaia.com\/wp-content\/uploads\/2026\/02\/28-1024x768.jpg 1024w, https:\/\/opuntia-elaia.com\/wp-content\/uploads\/2026\/02\/28-300x225.jpg 300w, https:\/\/opuntia-elaia.com\/wp-content\/uploads\/2026\/02\/28-768x576.jpg 768w, https:\/\/opuntia-elaia.com\/wp-content\/uploads\/2026\/02\/28-1536x1152.jpg 1536w, https:\/\/opuntia-elaia.com\/wp-content\/uploads\/2026\/02\/28-2048x1536.jpg 2048w, https:\/\/opuntia-elaia.com\/wp-content\/uploads\/2026\/02\/28-67x50.jpg 67w, https:\/\/opuntia-elaia.com\/wp-content\/uploads\/2026\/02\/28-650x488.jpg 650w, https:\/\/opuntia-elaia.com\/wp-content\/uploads\/2026\/02\/28-1000x750.jpg 1000w\" sizes=\"(max-width: 1024px) 100vw, 1024px\" \/><\/figure>\n\n\n\n<h6>LE SALON EXTERIEUR<\/h6>\n\n\n\n<figure class=\"wp-block-image size-large\"><img loading=\"lazy\" decoding=\"async\" width=\"1024\" height=\"768\" src=\"https:\/\/opuntia-elaia.com\/wp-content\/uploads\/2026\/02\/30-1024x768.jpg\" alt=\"\" class=\"wp-image-1621\" srcset=\"https:\/\/opuntia-elaia.com\/wp-content\/uploads\/2026\/02\/30-1024x768.jpg 1024w, https:\/\/opuntia-elaia.com\/wp-content\/uploads\/2026\/02\/30-300x225.jpg 300w, https:\/\/opuntia-elaia.com\/wp-content\/uploads\/2026\/02\/30-768x576.jpg 768w, https:\/\/opuntia-elaia.com\/wp-content\/uploads\/2026\/02\/30-1536x1152.jpg 1536w, https:\/\/opuntia-elaia.com\/wp-content\/uploads\/2026\/02\/30-2048x1536.jpg 2048w, https:\/\/opuntia-elaia.com\/wp-content\/uploads\/2026\/02\/30-67x50.jpg 67w, https:\/\/opuntia-elaia.com\/wp-content\/uploads\/2026\/02\/30-650x488.jpg 650w, https:\/\/opuntia-elaia.com\/wp-content\/uploads\/2026\/02\/30-1000x750.jpg 1000w\" sizes=\"(max-width: 1024px) 100vw, 1024px\" \/><\/figure>\n\n\n\n<h6>LE PREAU<\/h6>\n\n\n\n<figure class=\"wp-block-image\"><img loading=\"lazy\" decoding=\"async\" width=\"1024\" height=\"768\" src=\"https:\/\/opuntia-elaia.com\/wp-content\/uploads\/2021\/02\/location-touristique-aude-tourouzelles_grande_piscine_oliveraie-5-1-1024x768.jpg\" alt=\"\" class=\"wp-image-938\" srcset=\"https:\/\/opuntia-elaia.com\/wp-content\/uploads\/2021\/02\/location-touristique-aude-tourouzelles_grande_piscine_oliveraie-5-1-1024x768.jpg 1024w, https:\/\/opuntia-elaia.com\/wp-content\/uploads\/2021\/02\/location-touristique-aude-tourouzelles_grande_piscine_oliveraie-5-1-300x225.jpg 300w, https:\/\/opuntia-elaia.com\/wp-content\/uploads\/2021\/02\/location-touristique-aude-tourouzelles_grande_piscine_oliveraie-5-1-768x576.jpg 768w, https:\/\/opuntia-elaia.com\/wp-content\/uploads\/2021\/02\/location-touristique-aude-tourouzelles_grande_piscine_oliveraie-5-1-67x50.jpg 67w, https:\/\/opuntia-elaia.com\/wp-content\/uploads\/2021\/02\/location-touristique-aude-tourouzelles_grande_piscine_oliveraie-5-1-650x488.jpg 650w, https:\/\/opuntia-elaia.com\/wp-content\/uploads\/2021\/02\/location-touristique-aude-tourouzelles_grande_piscine_oliveraie-5-1-1000x750.jpg 1000w, https:\/\/opuntia-elaia.com\/wp-content\/uploads\/2021\/02\/location-touristique-aude-tourouzelles_grande_piscine_oliveraie-5-1.jpg 1777w\" sizes=\"(max-width: 1024px) 100vw, 1024px\" \/><\/figure>\n\n\n\n<h6>LE MANDARINIER<\/h6>\n\n\n\n<figure class=\"wp-block-image size-large\"><img loading=\"lazy\" decoding=\"async\" width=\"1024\" height=\"768\" src=\"https:\/\/opuntia-elaia.com\/wp-content\/uploads\/2026\/02\/29-1024x768.jpg\" alt=\"\" class=\"wp-image-1627\" srcset=\"https:\/\/opuntia-elaia.com\/wp-content\/uploads\/2026\/02\/29-1024x768.jpg 1024w, https:\/\/opuntia-elaia.com\/wp-content\/uploads\/2026\/02\/29-300x225.jpg 300w, https:\/\/opuntia-elaia.com\/wp-content\/uploads\/2026\/02\/29-768x576.jpg 768w, https:\/\/opuntia-elaia.com\/wp-content\/uploads\/2026\/02\/29-1536x1152.jpg 1536w, https:\/\/opuntia-elaia.com\/wp-content\/uploads\/2026\/02\/29-2048x1536.jpg 2048w, https:\/\/opuntia-elaia.com\/wp-content\/uploads\/2026\/02\/29-67x50.jpg 67w, https:\/\/opuntia-elaia.com\/wp-content\/uploads\/2026\/02\/29-650x488.jpg 650w, https:\/\/opuntia-elaia.com\/wp-content\/uploads\/2026\/02\/29-1000x750.jpg 1000w\" sizes=\"(max-width: 1024px) 100vw, 1024px\" \/><\/figure>\n\n\n\n<h6>LE BASSIN DE 14 METRES<\/h6>\n\n\n\n<figure class=\"wp-block-image\"><img loading=\"lazy\" decoding=\"async\" width=\"1024\" height=\"768\" src=\"https:\/\/opuntia-elaia.com\/wp-content\/uploads\/2021\/02\/location-touristique-aude-tourouzelles_grande_piscine_oliveraie-17-1024x768.jpg\" alt=\"\" class=\"wp-image-961\" srcset=\"https:\/\/opuntia-elaia.com\/wp-content\/uploads\/2021\/02\/location-touristique-aude-tourouzelles_grande_piscine_oliveraie-17-1024x768.jpg 1024w, https:\/\/opuntia-elaia.com\/wp-content\/uploads\/2021\/02\/location-touristique-aude-tourouzelles_grande_piscine_oliveraie-17-300x225.jpg 300w, https:\/\/opuntia-elaia.com\/wp-content\/uploads\/2021\/02\/location-touristique-aude-tourouzelles_grande_piscine_oliveraie-17-768x576.jpg 768w, https:\/\/opuntia-elaia.com\/wp-content\/uploads\/2021\/02\/location-touristique-aude-tourouzelles_grande_piscine_oliveraie-17-67x50.jpg 67w, https:\/\/opuntia-elaia.com\/wp-content\/uploads\/2021\/02\/location-touristique-aude-tourouzelles_grande_piscine_oliveraie-17-650x488.jpg 650w, https:\/\/opuntia-elaia.com\/wp-content\/uploads\/2021\/02\/location-touristique-aude-tourouzelles_grande_piscine_oliveraie-17-1000x750.jpg 1000w, https:\/\/opuntia-elaia.com\/wp-content\/uploads\/2021\/02\/location-touristique-aude-tourouzelles_grande_piscine_oliveraie-17.jpg 1777w\" sizes=\"(max-width: 1024px) 100vw, 1024px\" \/><\/figure>\n\n\n\n<h6>LE CACTUS CIERGE<\/h6>\n\n\n\n<figure class=\"wp-block-image\"><img loading=\"lazy\" decoding=\"async\" width=\"1024\" height=\"768\" src=\"https:\/\/opuntia-elaia.com\/wp-content\/uploads\/2021\/02\/location-touristique-aude-tourouzelles_grande_piscine_oliveraie-12-1024x768.jpg\" alt=\"\" class=\"wp-image-956\" srcset=\"https:\/\/opuntia-elaia.com\/wp-content\/uploads\/2021\/02\/location-touristique-aude-tourouzelles_grande_piscine_oliveraie-12-1024x768.jpg 1024w, https:\/\/opuntia-elaia.com\/wp-content\/uploads\/2021\/02\/location-touristique-aude-tourouzelles_grande_piscine_oliveraie-12-300x225.jpg 300w, https:\/\/opuntia-elaia.com\/wp-content\/uploads\/2021\/02\/location-touristique-aude-tourouzelles_grande_piscine_oliveraie-12-768x576.jpg 768w, https:\/\/opuntia-elaia.com\/wp-content\/uploads\/2021\/02\/location-touristique-aude-tourouzelles_grande_piscine_oliveraie-12-67x50.jpg 67w, https:\/\/opuntia-elaia.com\/wp-content\/uploads\/2021\/02\/location-touristique-aude-tourouzelles_grande_piscine_oliveraie-12-650x488.jpg 650w, https:\/\/opuntia-elaia.com\/wp-content\/uploads\/2021\/02\/location-touristique-aude-tourouzelles_grande_piscine_oliveraie-12-1000x750.jpg 1000w, https:\/\/opuntia-elaia.com\/wp-content\/uploads\/2021\/02\/location-touristique-aude-tourouzelles_grande_piscine_oliveraie-12.jpg 1777w\" sizes=\"(max-width: 1024px) 100vw, 1024px\" \/><\/figure>\n\n\n\n<h6>LE SALON DE JARDIN DANS L&rsquo;OLIVERAIE<\/h6>\n\n\n\n<figure class=\"wp-block-image size-large\"><img loading=\"lazy\" decoding=\"async\" width=\"1024\" height=\"768\" src=\"https:\/\/opuntia-elaia.com\/wp-content\/uploads\/2026\/02\/21-1024x768.jpg\" alt=\"\" class=\"wp-image-1620\" srcset=\"https:\/\/opuntia-elaia.com\/wp-content\/uploads\/2026\/02\/21-1024x768.jpg 1024w, https:\/\/opuntia-elaia.com\/wp-content\/uploads\/2026\/02\/21-300x225.jpg 300w, https:\/\/opuntia-elaia.com\/wp-content\/uploads\/2026\/02\/21-768x576.jpg 768w, https:\/\/opuntia-elaia.com\/wp-content\/uploads\/2026\/02\/21-1536x1152.jpg 1536w, https:\/\/opuntia-elaia.com\/wp-content\/uploads\/2026\/02\/21-67x50.jpg 67w, https:\/\/opuntia-elaia.com\/wp-content\/uploads\/2026\/02\/21-650x488.jpg 650w, https:\/\/opuntia-elaia.com\/wp-content\/uploads\/2026\/02\/21-1000x750.jpg 1000w, https:\/\/opuntia-elaia.com\/wp-content\/uploads\/2026\/02\/21.jpg 1777w\" sizes=\"(max-width: 1024px) 100vw, 1024px\" \/><\/figure>\n\n\n\n<h6>LE HAMMAC POUR LA SIESTE<\/h6>\n\n\n\n<figure class=\"wp-block-image size-large\"><img loading=\"lazy\" decoding=\"async\" width=\"1024\" height=\"768\" src=\"https:\/\/opuntia-elaia.com\/wp-content\/uploads\/2026\/02\/18-1024x768.jpg\" alt=\"\" class=\"wp-image-1619\" srcset=\"https:\/\/opuntia-elaia.com\/wp-content\/uploads\/2026\/02\/18-1024x768.jpg 1024w, https:\/\/opuntia-elaia.com\/wp-content\/uploads\/2026\/02\/18-300x225.jpg 300w, https:\/\/opuntia-elaia.com\/wp-content\/uploads\/2026\/02\/18-768x576.jpg 768w, https:\/\/opuntia-elaia.com\/wp-content\/uploads\/2026\/02\/18-1536x1152.jpg 1536w, https:\/\/opuntia-elaia.com\/wp-content\/uploads\/2026\/02\/18-67x50.jpg 67w, https:\/\/opuntia-elaia.com\/wp-content\/uploads\/2026\/02\/18-650x488.jpg 650w, https:\/\/opuntia-elaia.com\/wp-content\/uploads\/2026\/02\/18-1000x750.jpg 1000w, https:\/\/opuntia-elaia.com\/wp-content\/uploads\/2026\/02\/18.jpg 1777w\" sizes=\"(max-width: 1024px) 100vw, 1024px\" \/><\/figure>\n\n\n\n<h6>La balan\u00e7oire pour les petits<\/h6>\n\n\n\n<div style=\"height:100px\" aria-hidden=\"true\" class=\"wp-block-spacer\"><\/div>\n\n\n\n<hr class=\"wp-block-separator has-css-opacity\"\/>\n","protected":false},"excerpt":{"rendered":"<p>ESPACES COMMUNS Les locataires de Silvis et de Phoeb\u00e9 peuvent profiter d&rsquo;un jardin d&rsquo;oliviers centenaires, o\u00f9 se trouvent une balan\u00e7oire, un hamac, une table de jardin. La piscine est accessible [&hellip;]<\/p>\n<p><a href=\"https:\/\/opuntia-elaia.com\/index.php\/communs-elaia\/\" class=\"more-link style1-button\">Read More<\/a><\/p>","protected":false},"author":1,"featured_media":0,"parent":0,"menu_order":0,"comment_status":"closed","ping_status":"closed","template":"page-sidebar.php","meta":{"footnotes":""},"class_list":["post-277","page","type-page","status-publish","hentry"],"_links":{"self":[{"href":"https:\/\/opuntia-elaia.com\/index.php\/wp-json\/wp\/v2\/pages\/277"}],"collection":[{"href":"https:\/\/opuntia-elaia.com\/index.php\/wp-json\/wp\/v2\/pages"}],"about":[{"href":"https:\/\/opuntia-elaia.com\/index.php\/wp-json\/wp\/v2\/types\/page"}],"author":[{"embeddable":true,"href":"https:\/\/opuntia-elaia.com\/index.php\/wp-json\/wp\/v2\/users\/1"}],"replies":[{"embeddable":true,"href":"https:\/\/opuntia-elaia.com\/index.php\/wp-json\/wp\/v2\/comments?post=277"}],"version-history":[{"count":17,"href":"https:\/\/opuntia-elaia.com\/index.php\/wp-json\/wp\/v2\/pages\/277\/revisions"}],"predecessor-version":[{"id":1638,"href":"https:\/\/opuntia-elaia.com\/index.php\/wp-json\/wp\/v2\/pages\/277\/revisions\/1638"}],"wp:attachment":[{"href":"https:\/\/opuntia-elaia.com\/index.php\/wp-json\/wp\/v2\/media?parent=277"}],"curies":[{"name":"wp","href":"https:\/\/api.w.org\/{rel}","templated":true}]}}