{"id":3,"date":"2019-12-01T12:15:19","date_gmt":"2019-12-01T11:15:19","guid":{"rendered":"https:\/\/opuntia-elaia.com\/?page_id=3"},"modified":"2020-03-26T15:24:51","modified_gmt":"2020-03-26T14:24:51","slug":"politique-de-confidentialite","status":"publish","type":"page","link":"https:\/\/opuntia-elaia.com\/index.php\/politique-de-confidentialite\/","title":{"rendered":"Mentions l\u00e9gales"},"content":{"rendered":"\n<div style=\"height:100px\" aria-hidden=\"true\" class=\"wp-block-spacer\"><\/div>\n\n\n\n<h3 class=\"wp-block-heading\">Qui sommes-nous&nbsp;?<\/h3>\n\n\n\n<p>L\u2019adresse de notre site Web est : https:\/\/opuntia-elaia.com<br>H\u00e9bergeur: OVH.<br>Propri\u00e9taire du contenu: C\u00e9dric Boutin et Marina Hermouet.<br><br>L&rsquo;usage de toutes les images et objets graphiques pr\u00e9sent\u00e9s sont sur ce site est strictement interdit sans autorisation pr\u00e9alable.<\/p>\n\n\n\n<h3 class=\"wp-block-heading\">Utilisation des donn\u00e9es personnelles collect\u00e9es<\/h3>\n\n\n\n<p>Si vous \u00eates un utilisateur ou une utilisatrice enregistr\u00e9\u00b7e et que vous t\u00e9l\u00e9versez des images sur le site web, nous vous conseillons d\u2019\u00e9viter de t\u00e9l\u00e9verser des images contenant des donn\u00e9es EXIF de coordonn\u00e9es GPS. Les visiteurs de votre site web peuvent t\u00e9l\u00e9charger et extraire des donn\u00e9es de localisation depuis ces images.<\/p>\n\n\n\n<p>L\u2019utilisateur est notamment inform\u00e9 que conform\u00e9ment \u00e0 l\u2019article 32 de la loi Informatique et libert\u00e9s du 6 janvier 1978 modifi\u00e9e, les informations qu\u2019il communique par les formulaires pr\u00e9sents sur le Site de&nbsp;<strong><a href=\"https:\/\/opuntia-elaia.com\/\">opuntia-elaia.com<\/a><\/strong>&nbsp;sont n\u00e9cessaires pour r\u00e9pondre \u00e0 sa demande et sont destin\u00e9es aux services en charge de r\u00e9pondre \u00e0 sa demande \u00e0 des fins de suivi de cette demande.<\/p>\n\n\n\n<p>Conform\u00e9ment aux dispositions des articles 39 et 40 de la loi \u00ab Informatique et Libert\u00e9s \u00bb du 6 janvier 1978 modifi\u00e9e en 2004, l\u2019utilisateur b\u00e9n\u00e9ficie d\u2019un droit d\u2019acc\u00e8s, de rectification, de mise \u00e0 jour et d\u2019effacement des informations qui le concernent, qu\u2019il peut exercer en nous \u00e9crivant, en pr\u00e9cisant dans l\u2019objet du courrier \u00ab Droit des personnes \u00bb et en joignant la copie de son justificatif d\u2019identit\u00e9.<\/p>\n\n\n\n<p>Vous b\u00e9n\u00e9ficiez \u00e9galement du droit de donner des directives sur le sort de vos donn\u00e9es apr\u00e8s votre d\u00e9c\u00e8s.<\/p>\n\n\n\n<p>Conform\u00e9ment aux dispositions de l\u2019article 38 de la loi \u00ab Informatique et Libert\u00e9s \u00bb du 6 janvier 1978 modifi\u00e9e en 2004, l\u2019utilisateur peut \u00e9galement s\u2019opposer, pour des motifs l\u00e9gitimes \u00e0 ce que ses donn\u00e9es fassent l\u2019objet d\u2019un traitement et sans motif et sans frais, \u00e0 ce que ses donn\u00e9es soient utilis\u00e9es \u00e0 des fins de prospection commerciale.<\/p>\n\n\n\n<p>L\u2019utilisateur est inform\u00e9 que lors de ses visites sur le Site  <br><a href=\"https:\/\/opuntia-elaia.com\/\">https:\/\/opuntia-elaia.com\/<\/a>, un cookie peut s\u2019installer automatiquement sur son logiciel de navigation.<\/p>\n\n\n\n<p>Les informations recueillies sur ce site seront conserv\u00e9es pendant une dur\u00e9e de trois ans.<\/p>\n\n\n\n<p>Le cookie est un bloc de donn\u00e9es qui ne permet pas d\u2019identifier les utilisateurs mais sert \u00e0 enregistrer des informations relatives \u00e0 la navigation de celui-ci sur le site. Le param\u00e9trage du logiciel de navigation permet d\u2019informer de la pr\u00e9sence de cookie et \u00e9ventuellement, de la refuser de la mani\u00e8re d\u00e9crite \u00e0 l\u2019adresse suivante www.cnil.fr.<\/p>\n\n\n\n<p>L\u2019utilisateur dispose d\u2019un droit d\u2019acc\u00e8s, de retrait et de modification des donn\u00e9es \u00e0 caract\u00e8re personnel communiqu\u00e9es par le biais des cookies dans les conditions indiqu\u00e9es ci-dessus.<\/p>\n\n\n\n<p>L\u2019utilisateur du Site o<a href=\"https:\/\/opuntia-elaia.com\/\">puntia-elaia.com<\/a> est tenu de respecter les dispositions de la loi Informatique et libert\u00e9s du 6 janvier 1978 modifi\u00e9e dont la violation est passible de sanctions p\u00e9nales. Il doit notamment s\u2019abstenir, s\u2019agissant des informations nominatives auxquelles il acc\u00e8de, de toute collecte, de toute utilisation d\u00e9tourn\u00e9e, et d\u2019une mani\u00e8re g\u00e9n\u00e9rale, de tout acte susceptible de porter atteinte \u00e0 la vie priv\u00e9e ou \u00e0 la r\u00e9putation des personnes.<\/p>\n\n\n\n<h3 class=\"wp-block-heading\">Contenu embarqu\u00e9 depuis d\u2019autres sites<\/h3>\n\n\n\n<p>Les articles de ce site peuvent inclure des contenus int\u00e9gr\u00e9s (par exemple des vid\u00e9os, images, articles\u2026). Le contenu int\u00e9gr\u00e9 depuis d\u2019autres sites se comporte de la m\u00eame mani\u00e8re que si le visiteur se rendait sur cet autre site.<\/p>\n\n\n\n<p>Ces sites web pourraient collecter des donn\u00e9es sur vous, utiliser des cookies, embarquer des outils de suivis tiers, suivre vos interactions avec ces contenus embarqu\u00e9s si vous disposez d\u2019un compte connect\u00e9 sur leur site web.<\/p>\n","protected":false},"excerpt":{"rendered":"<p>Qui sommes-nous&nbsp;? L\u2019adresse de notre site Web est : https:\/\/opuntia-elaia.comH\u00e9bergeur: OVH.Propri\u00e9taire du contenu: C\u00e9dric Boutin et Marina Hermouet. L&rsquo;usage de toutes les images et objets graphiques pr\u00e9sent\u00e9s sont sur ce [&hellip;]<\/p>\n<p><a href=\"https:\/\/opuntia-elaia.com\/index.php\/politique-de-confidentialite\/\" class=\"more-link style1-button\">Read More<\/a><\/p>","protected":false},"author":1,"featured_media":0,"parent":0,"menu_order":0,"comment_status":"closed","ping_status":"open","template":"page-sidebar.php","meta":{"footnotes":""},"class_list":["post-3","page","type-page","status-publish","hentry"],"_links":{"self":[{"href":"https:\/\/opuntia-elaia.com\/index.php\/wp-json\/wp\/v2\/pages\/3"}],"collection":[{"href":"https:\/\/opuntia-elaia.com\/index.php\/wp-json\/wp\/v2\/pages"}],"about":[{"href":"https:\/\/opuntia-elaia.com\/index.php\/wp-json\/wp\/v2\/types\/page"}],"author":[{"embeddable":true,"href":"https:\/\/opuntia-elaia.com\/index.php\/wp-json\/wp\/v2\/users\/1"}],"replies":[{"embeddable":true,"href":"https:\/\/opuntia-elaia.com\/index.php\/wp-json\/wp\/v2\/comments?post=3"}],"version-history":[{"count":0,"href":"https:\/\/opuntia-elaia.com\/index.php\/wp-json\/wp\/v2\/pages\/3\/revisions"}],"wp:attachment":[{"href":"https:\/\/opuntia-elaia.com\/index.php\/wp-json\/wp\/v2\/media?parent=3"}],"curies":[{"name":"wp","href":"https:\/\/api.w.org\/{rel}","templated":true}]}}