{"id":49,"date":"2019-12-01T19:32:52","date_gmt":"2019-12-01T18:32:52","guid":{"rendered":"https:\/\/opuntia-elaia.com\/?page_id=49"},"modified":"2026-02-28T18:59:57","modified_gmt":"2026-02-28T17:59:57","slug":"silvis","status":"publish","type":"page","link":"https:\/\/opuntia-elaia.com\/index.php\/silvis\/","title":{"rendered":"Location Silvis | Elaia"},"content":{"rendered":"\n<figure class=\"wp-block-image size-large\"><img loading=\"lazy\" decoding=\"async\" width=\"1024\" height=\"461\" src=\"https:\/\/opuntia-elaia.com\/wp-content\/uploads\/2026\/02\/6-1024x461.jpg\" alt=\"\" class=\"wp-image-1566\" srcset=\"https:\/\/opuntia-elaia.com\/wp-content\/uploads\/2026\/02\/6-1024x461.jpg 1024w, https:\/\/opuntia-elaia.com\/wp-content\/uploads\/2026\/02\/6-300x135.jpg 300w, https:\/\/opuntia-elaia.com\/wp-content\/uploads\/2026\/02\/6-768x346.jpg 768w, https:\/\/opuntia-elaia.com\/wp-content\/uploads\/2026\/02\/6-1536x691.jpg 1536w, https:\/\/opuntia-elaia.com\/wp-content\/uploads\/2026\/02\/6-2048x922.jpg 2048w, https:\/\/opuntia-elaia.com\/wp-content\/uploads\/2026\/02\/6-111x50.jpg 111w, https:\/\/opuntia-elaia.com\/wp-content\/uploads\/2026\/02\/6-650x293.jpg 650w, https:\/\/opuntia-elaia.com\/wp-content\/uploads\/2026\/02\/6-1000x450.jpg 1000w\" sizes=\"(max-width: 1024px) 100vw, 1024px\" \/><\/figure>\n\n\n\n<h5>LOCATION SILVIS<\/h5>\n\n\n\n<hr class=\"wp-block-separator has-css-opacity\"\/>\n\n\n\n<h2 class=\"wp-block-heading\">La\nterrasse de<strong> Silvis<\/strong>\nfait face \u00e0 de jeunes oliviers et se trouve \u00e0 proximit\u00e9 imm\u00e9diate\nde l\u2019oliveraie centenaire. La grande baie vitr\u00e9e du s\u00e9jour-cuisine\nvous permettra d\u2019ailleurs d\u2019admirer notre plus bel arbre.<\/h2>\n\n\n\n<p><strong>Nos atouts : <\/strong><\/p>\n\n\n\n<ul class=\"wp-block-list\">\n<li>Du soleil ! vous vous trouverez dans la partie m\u00e9diterran\u00e9enne de l&rsquo;Aude<\/li>\n\n\n\n<li>Situation id\u00e9ale pour rayonner, au centre de l&rsquo;Aude, qui permet des journ\u00e9es \u00e0 la mer (moins de 40 min.), mais aussi de visiter l&rsquo;arri\u00e8re-pays (cit\u00e9s de Minerve, de Carcassonne, ch\u00e2teaux cathares, etc.)<\/li>\n\n\n\n<li>M\u00e9nage offert ! effectu\u00e9 syst\u00e9matiquement par un(e) professionnel(le), aux frais du propri\u00e9taire<\/li>\n\n\n\n<li>Chaque location offre deux chambres chacune, et un convertible de qualit\u00e9<\/li>\n\n\n\n<li>Confort moderne (WI-FI, cong\u00e9lateur, cuisine \u00e9quip\u00e9e, lave-vaisselle, TV et home cin\u00e9ma, literie de qualit\u00e9, climatisation dans chaque chambre, parquets massifs, menuiseries en aluminium\u2026) <\/li>\n\n\n\n<li>Espace piscine r\u00e9servable pour vos soir\u00e9es<\/li>\n\n\n\n<li>Parking clos dans la propri\u00e9t\u00e9 qui ferme par un portail automatique<\/li>\n\n\n\n<li>Commerces \u00e0 300 m\u00e8tres : \u00e9picerie (pain, caf\u00e9, pizzas, tapas\u2026), poste, coiffeuse dans le village<\/li>\n\n\n\n<li>D\u00e9gustation de vins <\/li>\n\n\n\n<li>Circuits de promenades p\u00e9destres et cyclistes au d\u00e9part de la propri\u00e9t\u00e9<\/li>\n\n\n\n<li>Pr\u00eat gratuit de VTT<\/li>\n\n\n\n<li>Lac de Jouarr\u00e8s \u00e0 5 min pour baignade et activit\u00e9s nautiques en saison, canal du Midi \u00e0 3 min<\/li>\n\n\n\n<li>Paiement possible par ch\u00e8ques vacances<\/li>\n\n\n\n<li>Animaux accept\u00e9s, sur demande pr\u00e9alable<\/li>\n<\/ul>\n\n\n\n<div style=\"height:100px\" aria-hidden=\"true\" class=\"wp-block-spacer\"><\/div>\n\n\n\n<figure class=\"wp-block-image size-large\"><img loading=\"lazy\" decoding=\"async\" width=\"1024\" height=\"576\" src=\"https:\/\/opuntia-elaia.com\/wp-content\/uploads\/2026\/02\/7-1024x576.jpg\" alt=\"\" class=\"wp-image-1567\" srcset=\"https:\/\/opuntia-elaia.com\/wp-content\/uploads\/2026\/02\/7-1024x576.jpg 1024w, https:\/\/opuntia-elaia.com\/wp-content\/uploads\/2026\/02\/7-300x169.jpg 300w, https:\/\/opuntia-elaia.com\/wp-content\/uploads\/2026\/02\/7-768x432.jpg 768w, https:\/\/opuntia-elaia.com\/wp-content\/uploads\/2026\/02\/7-1536x864.jpg 1536w, https:\/\/opuntia-elaia.com\/wp-content\/uploads\/2026\/02\/7-2048x1153.jpg 2048w, https:\/\/opuntia-elaia.com\/wp-content\/uploads\/2026\/02\/7-89x50.jpg 89w, https:\/\/opuntia-elaia.com\/wp-content\/uploads\/2026\/02\/7-650x366.jpg 650w, https:\/\/opuntia-elaia.com\/wp-content\/uploads\/2026\/02\/7-1000x563.jpg 1000w\" sizes=\"(max-width: 1024px) 100vw, 1024px\" \/><\/figure>\n\n\n\n<h6>La cuisine<\/h6>\n\n\n\n<figure class=\"wp-block-image size-large\"><img loading=\"lazy\" decoding=\"async\" width=\"1024\" height=\"576\" src=\"https:\/\/opuntia-elaia.com\/wp-content\/uploads\/2026\/02\/5-1024x576.jpg\" alt=\"\" class=\"wp-image-1569\" srcset=\"https:\/\/opuntia-elaia.com\/wp-content\/uploads\/2026\/02\/5-1024x576.jpg 1024w, https:\/\/opuntia-elaia.com\/wp-content\/uploads\/2026\/02\/5-300x169.jpg 300w, https:\/\/opuntia-elaia.com\/wp-content\/uploads\/2026\/02\/5-768x432.jpg 768w, https:\/\/opuntia-elaia.com\/wp-content\/uploads\/2026\/02\/5-1536x864.jpg 1536w, https:\/\/opuntia-elaia.com\/wp-content\/uploads\/2026\/02\/5-2048x1153.jpg 2048w, https:\/\/opuntia-elaia.com\/wp-content\/uploads\/2026\/02\/5-89x50.jpg 89w, https:\/\/opuntia-elaia.com\/wp-content\/uploads\/2026\/02\/5-650x366.jpg 650w, https:\/\/opuntia-elaia.com\/wp-content\/uploads\/2026\/02\/5-1000x563.jpg 1000w\" sizes=\"(max-width: 1024px) 100vw, 1024px\" \/><\/figure>\n\n\n\n<h6>le s\u00e9jour-cuisine<\/h6>\n\n\n\n<figure class=\"wp-block-image size-large\"><img loading=\"lazy\" decoding=\"async\" width=\"1024\" height=\"576\" src=\"https:\/\/opuntia-elaia.com\/wp-content\/uploads\/2026\/02\/9-1024x576.jpg\" alt=\"\" class=\"wp-image-1570\" srcset=\"https:\/\/opuntia-elaia.com\/wp-content\/uploads\/2026\/02\/9-1024x576.jpg 1024w, https:\/\/opuntia-elaia.com\/wp-content\/uploads\/2026\/02\/9-300x169.jpg 300w, https:\/\/opuntia-elaia.com\/wp-content\/uploads\/2026\/02\/9-768x432.jpg 768w, https:\/\/opuntia-elaia.com\/wp-content\/uploads\/2026\/02\/9-1536x864.jpg 1536w, https:\/\/opuntia-elaia.com\/wp-content\/uploads\/2026\/02\/9-2048x1153.jpg 2048w, https:\/\/opuntia-elaia.com\/wp-content\/uploads\/2026\/02\/9-89x50.jpg 89w, https:\/\/opuntia-elaia.com\/wp-content\/uploads\/2026\/02\/9-650x366.jpg 650w, https:\/\/opuntia-elaia.com\/wp-content\/uploads\/2026\/02\/9-1000x563.jpg 1000w\" sizes=\"(max-width: 1024px) 100vw, 1024px\" \/><\/figure>\n\n\n\n<h6>le s\u00e9jour<\/h6>\n\n\n\n<figure class=\"wp-block-image size-large\"><img loading=\"lazy\" decoding=\"async\" width=\"1024\" height=\"461\" src=\"https:\/\/opuntia-elaia.com\/wp-content\/uploads\/2026\/02\/13-1024x461.jpg\" alt=\"\" class=\"wp-image-1571\" srcset=\"https:\/\/opuntia-elaia.com\/wp-content\/uploads\/2026\/02\/13-1024x461.jpg 1024w, https:\/\/opuntia-elaia.com\/wp-content\/uploads\/2026\/02\/13-300x135.jpg 300w, https:\/\/opuntia-elaia.com\/wp-content\/uploads\/2026\/02\/13-768x346.jpg 768w, https:\/\/opuntia-elaia.com\/wp-content\/uploads\/2026\/02\/13-1536x691.jpg 1536w, https:\/\/opuntia-elaia.com\/wp-content\/uploads\/2026\/02\/13-2048x922.jpg 2048w, https:\/\/opuntia-elaia.com\/wp-content\/uploads\/2026\/02\/13-111x50.jpg 111w, https:\/\/opuntia-elaia.com\/wp-content\/uploads\/2026\/02\/13-650x293.jpg 650w, https:\/\/opuntia-elaia.com\/wp-content\/uploads\/2026\/02\/13-1000x450.jpg 1000w\" sizes=\"(max-width: 1024px) 100vw, 1024px\" \/><\/figure>\n\n\n\n<h6>une des deux chambres<\/h6>\n\n\n\n<figure class=\"wp-block-image size-large\"><img loading=\"lazy\" decoding=\"async\" width=\"1024\" height=\"768\" src=\"https:\/\/opuntia-elaia.com\/wp-content\/uploads\/2026\/02\/10-1024x768.jpg\" alt=\"\" class=\"wp-image-1572\" srcset=\"https:\/\/opuntia-elaia.com\/wp-content\/uploads\/2026\/02\/10-1024x768.jpg 1024w, https:\/\/opuntia-elaia.com\/wp-content\/uploads\/2026\/02\/10-300x225.jpg 300w, https:\/\/opuntia-elaia.com\/wp-content\/uploads\/2026\/02\/10-768x576.jpg 768w, https:\/\/opuntia-elaia.com\/wp-content\/uploads\/2026\/02\/10-1536x1152.jpg 1536w, https:\/\/opuntia-elaia.com\/wp-content\/uploads\/2026\/02\/10-2048x1536.jpg 2048w, https:\/\/opuntia-elaia.com\/wp-content\/uploads\/2026\/02\/10-67x50.jpg 67w, https:\/\/opuntia-elaia.com\/wp-content\/uploads\/2026\/02\/10-650x488.jpg 650w, https:\/\/opuntia-elaia.com\/wp-content\/uploads\/2026\/02\/10-1000x750.jpg 1000w\" sizes=\"(max-width: 1024px) 100vw, 1024px\" \/><\/figure>\n\n\n\n<h6>une des deux chambres<\/h6>\n\n\n\n<figure class=\"wp-block-image size-large\"><img loading=\"lazy\" decoding=\"async\" width=\"1024\" height=\"768\" src=\"https:\/\/opuntia-elaia.com\/wp-content\/uploads\/2026\/02\/11-1024x768.jpg\" alt=\"\" class=\"wp-image-1573\" srcset=\"https:\/\/opuntia-elaia.com\/wp-content\/uploads\/2026\/02\/11-1024x768.jpg 1024w, https:\/\/opuntia-elaia.com\/wp-content\/uploads\/2026\/02\/11-300x225.jpg 300w, https:\/\/opuntia-elaia.com\/wp-content\/uploads\/2026\/02\/11-768x576.jpg 768w, https:\/\/opuntia-elaia.com\/wp-content\/uploads\/2026\/02\/11-1536x1152.jpg 1536w, https:\/\/opuntia-elaia.com\/wp-content\/uploads\/2026\/02\/11-2048x1536.jpg 2048w, https:\/\/opuntia-elaia.com\/wp-content\/uploads\/2026\/02\/11-67x50.jpg 67w, https:\/\/opuntia-elaia.com\/wp-content\/uploads\/2026\/02\/11-650x488.jpg 650w, https:\/\/opuntia-elaia.com\/wp-content\/uploads\/2026\/02\/11-1000x750.jpg 1000w\" sizes=\"(max-width: 1024px) 100vw, 1024px\" \/><\/figure>\n\n\n\n<h6>la salle de bains<\/h6>\n\n\n\n<figure class=\"wp-block-image size-large\"><img loading=\"lazy\" decoding=\"async\" width=\"1024\" height=\"576\" src=\"https:\/\/opuntia-elaia.com\/wp-content\/uploads\/2026\/02\/12-1024x576.jpg\" alt=\"\" class=\"wp-image-1578\" srcset=\"https:\/\/opuntia-elaia.com\/wp-content\/uploads\/2026\/02\/12-1024x576.jpg 1024w, https:\/\/opuntia-elaia.com\/wp-content\/uploads\/2026\/02\/12-300x169.jpg 300w, https:\/\/opuntia-elaia.com\/wp-content\/uploads\/2026\/02\/12-768x432.jpg 768w, https:\/\/opuntia-elaia.com\/wp-content\/uploads\/2026\/02\/12-1536x864.jpg 1536w, https:\/\/opuntia-elaia.com\/wp-content\/uploads\/2026\/02\/12-2048x1153.jpg 2048w, https:\/\/opuntia-elaia.com\/wp-content\/uploads\/2026\/02\/12-89x50.jpg 89w, https:\/\/opuntia-elaia.com\/wp-content\/uploads\/2026\/02\/12-650x366.jpg 650w, https:\/\/opuntia-elaia.com\/wp-content\/uploads\/2026\/02\/12-1000x563.jpg 1000w\" sizes=\"(max-width: 1024px) 100vw, 1024px\" \/><\/figure>\n\n\n\n<h6>la douche<\/h6>\n\n\n\n<figure class=\"wp-block-image size-large\"><img loading=\"lazy\" decoding=\"async\" width=\"1024\" height=\"768\" src=\"https:\/\/opuntia-elaia.com\/wp-content\/uploads\/2026\/02\/15-1024x768.jpg\" alt=\"\" class=\"wp-image-1574\" srcset=\"https:\/\/opuntia-elaia.com\/wp-content\/uploads\/2026\/02\/15-1024x768.jpg 1024w, https:\/\/opuntia-elaia.com\/wp-content\/uploads\/2026\/02\/15-300x225.jpg 300w, https:\/\/opuntia-elaia.com\/wp-content\/uploads\/2026\/02\/15-768x576.jpg 768w, https:\/\/opuntia-elaia.com\/wp-content\/uploads\/2026\/02\/15-1536x1152.jpg 1536w, https:\/\/opuntia-elaia.com\/wp-content\/uploads\/2026\/02\/15-2048x1536.jpg 2048w, https:\/\/opuntia-elaia.com\/wp-content\/uploads\/2026\/02\/15-67x50.jpg 67w, https:\/\/opuntia-elaia.com\/wp-content\/uploads\/2026\/02\/15-650x488.jpg 650w, https:\/\/opuntia-elaia.com\/wp-content\/uploads\/2026\/02\/15-1000x750.jpg 1000w\" sizes=\"(max-width: 1024px) 100vw, 1024px\" \/><\/figure>\n\n\n\n<h6>la terrasse<\/h6>\n\n\n\n<figure class=\"wp-block-image size-large\"><img loading=\"lazy\" decoding=\"async\" width=\"1024\" height=\"768\" src=\"https:\/\/opuntia-elaia.com\/wp-content\/uploads\/2026\/02\/16-1024x768.jpg\" alt=\"\" class=\"wp-image-1575\" srcset=\"https:\/\/opuntia-elaia.com\/wp-content\/uploads\/2026\/02\/16-1024x768.jpg 1024w, https:\/\/opuntia-elaia.com\/wp-content\/uploads\/2026\/02\/16-300x225.jpg 300w, https:\/\/opuntia-elaia.com\/wp-content\/uploads\/2026\/02\/16-768x576.jpg 768w, https:\/\/opuntia-elaia.com\/wp-content\/uploads\/2026\/02\/16-1536x1152.jpg 1536w, https:\/\/opuntia-elaia.com\/wp-content\/uploads\/2026\/02\/16-2048x1536.jpg 2048w, https:\/\/opuntia-elaia.com\/wp-content\/uploads\/2026\/02\/16-67x50.jpg 67w, https:\/\/opuntia-elaia.com\/wp-content\/uploads\/2026\/02\/16-650x488.jpg 650w, https:\/\/opuntia-elaia.com\/wp-content\/uploads\/2026\/02\/16-1000x750.jpg 1000w\" sizes=\"(max-width: 1024px) 100vw, 1024px\" \/><\/figure>\n\n\n\n<h6>la terrasse<\/h6>\n\n\n\n<p><\/p>\n\n\n\n<h5>Tarifs<\/h5>\n\n\n\n<hr class=\"wp-block-separator has-css-opacity\"\/>\n\n\n\n<p><strong>Tarifs \u00e0 la semaine pour la location Silvis<\/strong> (tout inclus, linge de maison et m\u00e9nage offerts !) :  <\/p>\n\n\n\n<p>\u25cf janvier, f\u00e9vrier, mars et avril (jusqu\u2019aux vacances scolaires et avant l&rsquo;ouverture de la piscine) : 295 euros la semaine<br><br>\u25cf avril et mai : 550 euros<\/p>\n\n\n\n<p>\u25cf juin (premi\u00e8re quinzaine) : 650 euros<\/p>\n\n\n\n<p>\u25cf juin (deuxi\u00e8me quinzaine) : 750 euros<\/p>\n\n\n\n<p>\u25cf  juillet (1<sup>\u00e8re<\/sup> quinzaine) : 995 euros  puis 1095 euros<\/p>\n\n\n\n<p>\u25cf juillet (2<sup>\u00e8me<\/sup> quinzaine) : 1495 euros <\/p>\n\n\n\n<p>\u25cf ao\u00fbt (3 1\u00e8res semaines) : 1695 euros<\/p>\n\n\n\n<p>\u25cf ao\u00fbt (derni\u00e8re semaine) : 1395 euros<br> <br>\u25cf septembre (trois premi\u00e8res semaines) : 695 euros<br> <br>\u25cf septembre (derni\u00e8re semaine) : 550 euros<\/p>\n\n\n\n<p>\u25cf octobre (jusqu\u2019aux vacances scolaires) : 395 euros<\/p>\n\n\n\n<p>\u25cf octobre (vacances scolaires) : 475 euros<\/p>\n\n\n\n<p>\u25cf novembre et d\u00e9cembre (3 1\u00e8res semaines) : 295 euros<\/p>\n\n\n\n<p>\u25cf d\u00e9cembre (derni\u00e8re semaine) : 550 euros<\/p>\n\n\n\n<p><strong>Location du samedi au samedi d\u2019avril \u00e0 octobre. <br><\/strong><\/p>\n\n\n<p><!--EndFragment--><\/p>\n<\/p>\n\n\n<h5>Disponibilit\u00e9s<\/h5>\n\n\n\n<hr class=\"wp-block-separator has-css-opacity\"\/>\n\n\n\n<p>Disponibilit\u00e9s en temps r\u00e9el sur le planning ci-dessous.<br>Contactez-nous par t\u00e9l\u00e9phone: <strong>06 73 68 87 51<\/strong> ou par mail :<strong> contact[a]opuntia-elaia.com<\/strong>   <br>(remplacez [a] par @)  <\/p>\n\n\n\n<iframe loading=\"lazy\" src=\"https:\/\/calendar.google.com\/calendar\/embed?src=a23avff7t69jgieroddgi5esr8%40group.calendar.google.com&amp;ctz=Africa%2FCeuta\" style=\"border: 0\" width=\"800\" height=\"600\" frameborder=\"0\" scrolling=\"no\"><\/iframe>\n\n\n\n<div style=\"height:100px\" aria-hidden=\"true\" class=\"wp-block-spacer\"><\/div>\n\n\n\n<hr class=\"wp-block-separator has-css-opacity\"\/>\n","protected":false},"excerpt":{"rendered":"<p>LOCATION SILVIS La terrasse de Silvis fait face \u00e0 de jeunes oliviers et se trouve \u00e0 proximit\u00e9 imm\u00e9diate de l\u2019oliveraie centenaire. La grande baie vitr\u00e9e du s\u00e9jour-cuisine vous permettra d\u2019ailleurs [&hellip;]<\/p>\n<p><a href=\"https:\/\/opuntia-elaia.com\/index.php\/silvis\/\" class=\"more-link style1-button\">Read More<\/a><\/p>","protected":false},"author":1,"featured_media":0,"parent":0,"menu_order":0,"comment_status":"closed","ping_status":"closed","template":"page-sidebar.php","meta":{"footnotes":""},"class_list":["post-49","page","type-page","status-publish","hentry"],"_links":{"self":[{"href":"https:\/\/opuntia-elaia.com\/index.php\/wp-json\/wp\/v2\/pages\/49"}],"collection":[{"href":"https:\/\/opuntia-elaia.com\/index.php\/wp-json\/wp\/v2\/pages"}],"about":[{"href":"https:\/\/opuntia-elaia.com\/index.php\/wp-json\/wp\/v2\/types\/page"}],"author":[{"embeddable":true,"href":"https:\/\/opuntia-elaia.com\/index.php\/wp-json\/wp\/v2\/users\/1"}],"replies":[{"embeddable":true,"href":"https:\/\/opuntia-elaia.com\/index.php\/wp-json\/wp\/v2\/comments?post=49"}],"version-history":[{"count":28,"href":"https:\/\/opuntia-elaia.com\/index.php\/wp-json\/wp\/v2\/pages\/49\/revisions"}],"predecessor-version":[{"id":1579,"href":"https:\/\/opuntia-elaia.com\/index.php\/wp-json\/wp\/v2\/pages\/49\/revisions\/1579"}],"wp:attachment":[{"href":"https:\/\/opuntia-elaia.com\/index.php\/wp-json\/wp\/v2\/media?parent=49"}],"curies":[{"name":"wp","href":"https:\/\/api.w.org\/{rel}","templated":true}]}}