{"id":69,"date":"2019-12-07T14:11:46","date_gmt":"2019-12-07T13:11:46","guid":{"rendered":"https:\/\/opuntia-elaia.com\/?page_id=69"},"modified":"2025-10-04T20:32:23","modified_gmt":"2025-10-04T18:32:23","slug":"opuntia","status":"publish","type":"page","link":"https:\/\/opuntia-elaia.com\/index.php\/opuntia\/","title":{"rendered":"Location T\u00e9ouli\u00e9ro | Opuntia"},"content":{"rendered":"\n<div style=\"height:100px\" aria-hidden=\"true\" class=\"wp-block-spacer\"><\/div>\n\n\n<div class=\"wp-block-image\">\n<figure class=\"aligncenter is-resized\"><img loading=\"lazy\" decoding=\"async\" width=\"1024\" height=\"415\" src=\"https:\/\/opuntia-elaia.com\/wp-content\/uploads\/2019\/12\/logo_opuntia_elaia-03-1024x415.png\" alt=\"\" class=\"wp-image-313\" style=\"width:344px;height:140px\"\/><\/figure><\/div>\n\n\n<figure class=\"wp-block-image\"><img loading=\"lazy\" decoding=\"async\" width=\"1024\" height=\"769\" src=\"https:\/\/opuntia-elaia.com\/wp-content\/uploads\/2020\/03\/opuntia_escales_location_touristique_aude-1-1024x769.jpg\" alt=\"\" class=\"wp-image-852\" srcset=\"https:\/\/opuntia-elaia.com\/wp-content\/uploads\/2020\/03\/opuntia_escales_location_touristique_aude-1-1024x769.jpg 1024w, https:\/\/opuntia-elaia.com\/wp-content\/uploads\/2020\/03\/opuntia_escales_location_touristique_aude-1-300x225.jpg 300w, https:\/\/opuntia-elaia.com\/wp-content\/uploads\/2020\/03\/opuntia_escales_location_touristique_aude-1-768x576.jpg 768w, https:\/\/opuntia-elaia.com\/wp-content\/uploads\/2020\/03\/opuntia_escales_location_touristique_aude-1-67x50.jpg 67w, https:\/\/opuntia-elaia.com\/wp-content\/uploads\/2020\/03\/opuntia_escales_location_touristique_aude-1-650x488.jpg 650w, https:\/\/opuntia-elaia.com\/wp-content\/uploads\/2020\/03\/opuntia_escales_location_touristique_aude-1-1000x751.jpg 1000w, https:\/\/opuntia-elaia.com\/wp-content\/uploads\/2020\/03\/opuntia_escales_location_touristique_aude-1.jpg 2000w\" sizes=\"(max-width: 1024px) 100vw, 1024px\" \/><\/figure>\n\n\n\n<h5>Location Opuntia T\u00e9ouli\u00e8ro<\/h5>\n\n\n\n<hr class=\"wp-block-separator has-css-opacity\"\/>\n\n\n\n<h2 class=\"wp-block-heading\"><strong>La maison Opuntia<\/strong> <strong>T\u00e9ouli\u00e8ro<\/strong> b\u00e2tie en pierre il y a fort longtemps a servi jadis \u00e0 accueillir des vendangeurs saisonniers : elle a \u00e9t\u00e9 enti\u00e8rement r\u00e9nov\u00e9e, am\u00e9nag\u00e9e avec soin et climatis\u00e9e. Le soleil inondant la fa\u00e7ade principale au sud rend le logement particuli\u00e8rement lumineux. <\/h2>\n\n\n\n<p>Au rez-de-chauss\u00e9e, on trouve un patio meubl\u00e9 d\u2019un salon de jardin, une salle de billard fran\u00e7ais avec un canap\u00e9 convertible de qualit\u00e9, une salle de bain avec douche et des WC s\u00e9par\u00e9s. A l&rsquo;\u00e9tage, vous dormirez dans une chambre meubl\u00e9e avec un lit double ; une porte vitr\u00e9e coulissante la s\u00e9pare de la cuisine enti\u00e8rement \u00e9quip\u00e9e, laquelle donne sur une terrasse ensoleill\u00e9e (table de jardin) avec une vue sur les toits du village et la montagne d&rsquo;Alaric.<\/p>\n\n\n\n<p><strong>Nos atouts :<\/strong><\/p>\n\n\n\n<ul class=\"wp-block-list\">\n<li>Du soleil ! la maison est situ\u00e9e dans la partie m\u00e9diterran\u00e9enne de l&rsquo;Aude<\/li>\n\n\n\n<li>Situation id\u00e9ale pour rayonner : vous pourrez aller \u00e0 la mer (moins de 40 minutes des plages de Gruissan ou La Franqui), mais aussi vous ressourcer en visitant l&rsquo;arri\u00e8re pays (cit\u00e9s de Minerve, de Carcassonne, ch\u00e2teaux cathares, \u2026)<\/li>\n\n\n\n<li>Calme assur\u00e9 au c\u0153ur d\u2019un village m\u00e9diterran\u00e9en authentique<\/li>\n\n\n\n<li>Deux ext\u00e9rieurs : patio et terrasse<\/li>\n\n\n\n<li>Literie de qualit\u00e9<\/li>\n\n\n\n<li>Maison en pierre lumineuse r\u00e9cemment r\u00e9nov\u00e9e et propre, offrant le confort souhait\u00e9  <\/li>\n\n\n\n<li>G\u00eete doublement labellis\u00e9<\/li>\n\n\n\n<li>Id\u00e9al pour la randonn\u00e9e p\u00e9destre et le v\u00e9lo ; pr\u00eat de guides<\/li>\n\n\n\n<li>Lac \u00e0 10 min pour baignade et activit\u00e9s nautiques en saison, canal du Midi \u00e0 5 min<\/li>\n\n\n\n<li>Paiement possible par ch\u00e8ques vacances<\/li>\n\n\n\n<li>Animaux accept\u00e9s, sur demande pr\u00e9alable (c\u2019est gratuit !)<\/li>\n\n\n\n<li>M\u00e9nage offert en fin de s\u00e9jour !<\/li>\n\n\n\n<li>Pr\u00eat de deux VTT, un mod\u00e8le homme et un mod\u00e8le femme<\/li>\n<\/ul>\n\n\n\n<p><strong>Confort :<\/strong><br><br>Climatisation, WI-FI, t\u00e9l\u00e9phone fixe illimit\u00e9, cha\u00eene HI-FI, DVD, 2 TV \u00e9cran plat, frigo\/cong\u00e9lateur, cafeti\u00e8re, bouilloire, grille-pain, machine \u00e0 laver, barbecue \u00e9lectrique, lave-vaisselle, micro-onde, plaque \u00e0 induction, hotte, \u2026<\/p>\n\n\n<div class=\"wp-block-image\">\n<figure class=\"aligncenter\"><img loading=\"lazy\" decoding=\"async\" width=\"1024\" height=\"768\" src=\"https:\/\/opuntia-elaia.com\/wp-content\/uploads\/2021\/02\/opuntia_escales_aude_location-touristique-11-1024x768.jpg\" alt=\"\" class=\"wp-image-930\" srcset=\"https:\/\/opuntia-elaia.com\/wp-content\/uploads\/2021\/02\/opuntia_escales_aude_location-touristique-11-1024x768.jpg 1024w, https:\/\/opuntia-elaia.com\/wp-content\/uploads\/2021\/02\/opuntia_escales_aude_location-touristique-11-300x225.jpg 300w, https:\/\/opuntia-elaia.com\/wp-content\/uploads\/2021\/02\/opuntia_escales_aude_location-touristique-11-768x576.jpg 768w, https:\/\/opuntia-elaia.com\/wp-content\/uploads\/2021\/02\/opuntia_escales_aude_location-touristique-11-67x50.jpg 67w, https:\/\/opuntia-elaia.com\/wp-content\/uploads\/2021\/02\/opuntia_escales_aude_location-touristique-11-650x488.jpg 650w, https:\/\/opuntia-elaia.com\/wp-content\/uploads\/2021\/02\/opuntia_escales_aude_location-touristique-11-1000x750.jpg 1000w, https:\/\/opuntia-elaia.com\/wp-content\/uploads\/2021\/02\/opuntia_escales_aude_location-touristique-11.jpg 1777w\" sizes=\"(max-width: 1024px) 100vw, 1024px\" \/><\/figure><\/div>\n\n\n<h6>La terrasse<\/h6>\n\n\n<div class=\"wp-block-image\">\n<figure class=\"aligncenter\"><img loading=\"lazy\" decoding=\"async\" width=\"1024\" height=\"768\" src=\"https:\/\/opuntia-elaia.com\/wp-content\/uploads\/2021\/02\/opuntia_escales_aude_location-touristique-13-1024x768.jpg\" alt=\"\" class=\"wp-image-931\" srcset=\"https:\/\/opuntia-elaia.com\/wp-content\/uploads\/2021\/02\/opuntia_escales_aude_location-touristique-13-1024x768.jpg 1024w, https:\/\/opuntia-elaia.com\/wp-content\/uploads\/2021\/02\/opuntia_escales_aude_location-touristique-13-300x225.jpg 300w, https:\/\/opuntia-elaia.com\/wp-content\/uploads\/2021\/02\/opuntia_escales_aude_location-touristique-13-768x576.jpg 768w, https:\/\/opuntia-elaia.com\/wp-content\/uploads\/2021\/02\/opuntia_escales_aude_location-touristique-13-67x50.jpg 67w, https:\/\/opuntia-elaia.com\/wp-content\/uploads\/2021\/02\/opuntia_escales_aude_location-touristique-13-650x488.jpg 650w, https:\/\/opuntia-elaia.com\/wp-content\/uploads\/2021\/02\/opuntia_escales_aude_location-touristique-13-1000x750.jpg 1000w, https:\/\/opuntia-elaia.com\/wp-content\/uploads\/2021\/02\/opuntia_escales_aude_location-touristique-13.jpg 1777w\" sizes=\"(max-width: 1024px) 100vw, 1024px\" \/><\/figure><\/div>\n\n\n<h6>La terrasse<\/h6>\n\n\n<div class=\"wp-block-image\">\n<figure class=\"aligncenter\"><img loading=\"lazy\" decoding=\"async\" width=\"1024\" height=\"680\" src=\"https:\/\/opuntia-elaia.com\/wp-content\/uploads\/2020\/03\/teouliero_location_touristique_aude_escales-9-1024x680.jpg\" alt=\"\" class=\"wp-image-534\" srcset=\"https:\/\/opuntia-elaia.com\/wp-content\/uploads\/2020\/03\/teouliero_location_touristique_aude_escales-9-1024x680.jpg 1024w, https:\/\/opuntia-elaia.com\/wp-content\/uploads\/2020\/03\/teouliero_location_touristique_aude_escales-9-300x199.jpg 300w, https:\/\/opuntia-elaia.com\/wp-content\/uploads\/2020\/03\/teouliero_location_touristique_aude_escales-9-768x510.jpg 768w, https:\/\/opuntia-elaia.com\/wp-content\/uploads\/2020\/03\/teouliero_location_touristique_aude_escales-9-75x50.jpg 75w, https:\/\/opuntia-elaia.com\/wp-content\/uploads\/2020\/03\/teouliero_location_touristique_aude_escales-9-650x432.jpg 650w, https:\/\/opuntia-elaia.com\/wp-content\/uploads\/2020\/03\/teouliero_location_touristique_aude_escales-9-1000x665.jpg 1000w, https:\/\/opuntia-elaia.com\/wp-content\/uploads\/2020\/03\/teouliero_location_touristique_aude_escales-9.jpg 2000w\" sizes=\"(max-width: 1024px) 100vw, 1024px\" \/><\/figure><\/div>\n\n\n<h6>Le patio<\/h6>\n\n\n\n<figure class=\"wp-block-image\"><img loading=\"lazy\" decoding=\"async\" width=\"1024\" height=\"768\" src=\"https:\/\/opuntia-elaia.com\/wp-content\/uploads\/2021\/02\/opuntia_escales_aude_location-touristique-12-1024x768.jpg\" alt=\"\" class=\"wp-image-933\" srcset=\"https:\/\/opuntia-elaia.com\/wp-content\/uploads\/2021\/02\/opuntia_escales_aude_location-touristique-12-1024x768.jpg 1024w, https:\/\/opuntia-elaia.com\/wp-content\/uploads\/2021\/02\/opuntia_escales_aude_location-touristique-12-300x225.jpg 300w, https:\/\/opuntia-elaia.com\/wp-content\/uploads\/2021\/02\/opuntia_escales_aude_location-touristique-12-768x576.jpg 768w, https:\/\/opuntia-elaia.com\/wp-content\/uploads\/2021\/02\/opuntia_escales_aude_location-touristique-12-67x50.jpg 67w, https:\/\/opuntia-elaia.com\/wp-content\/uploads\/2021\/02\/opuntia_escales_aude_location-touristique-12-650x488.jpg 650w, https:\/\/opuntia-elaia.com\/wp-content\/uploads\/2021\/02\/opuntia_escales_aude_location-touristique-12-1000x750.jpg 1000w, https:\/\/opuntia-elaia.com\/wp-content\/uploads\/2021\/02\/opuntia_escales_aude_location-touristique-12.jpg 1777w\" sizes=\"(max-width: 1024px) 100vw, 1024px\" \/><\/figure>\n\n\n\n<h6>Le patio<\/h6>\n\n\n\n<figure class=\"wp-block-image\"><img loading=\"lazy\" decoding=\"async\" width=\"1024\" height=\"680\" src=\"https:\/\/opuntia-elaia.com\/wp-content\/uploads\/2020\/03\/teouliero_location_touristique_aude_escales-7-1024x680.jpg\" alt=\"\" class=\"wp-image-532\" srcset=\"https:\/\/opuntia-elaia.com\/wp-content\/uploads\/2020\/03\/teouliero_location_touristique_aude_escales-7-1024x680.jpg 1024w, https:\/\/opuntia-elaia.com\/wp-content\/uploads\/2020\/03\/teouliero_location_touristique_aude_escales-7-300x199.jpg 300w, https:\/\/opuntia-elaia.com\/wp-content\/uploads\/2020\/03\/teouliero_location_touristique_aude_escales-7-768x510.jpg 768w, https:\/\/opuntia-elaia.com\/wp-content\/uploads\/2020\/03\/teouliero_location_touristique_aude_escales-7-75x50.jpg 75w, https:\/\/opuntia-elaia.com\/wp-content\/uploads\/2020\/03\/teouliero_location_touristique_aude_escales-7-650x432.jpg 650w, https:\/\/opuntia-elaia.com\/wp-content\/uploads\/2020\/03\/teouliero_location_touristique_aude_escales-7-1000x665.jpg 1000w, https:\/\/opuntia-elaia.com\/wp-content\/uploads\/2020\/03\/teouliero_location_touristique_aude_escales-7.jpg 2000w\" sizes=\"(max-width: 1024px) 100vw, 1024px\" \/><\/figure>\n\n\n\n<h6>La terrasse<\/h6>\n\n\n\n<figure class=\"wp-block-image\"><img loading=\"lazy\" decoding=\"async\" width=\"1024\" height=\"768\" src=\"https:\/\/opuntia-elaia.com\/wp-content\/uploads\/2024\/03\/5-1024x768.jpg\" alt=\"\" class=\"wp-image-1288\" srcset=\"https:\/\/opuntia-elaia.com\/wp-content\/uploads\/2024\/03\/5-1024x768.jpg 1024w, https:\/\/opuntia-elaia.com\/wp-content\/uploads\/2024\/03\/5-300x225.jpg 300w, https:\/\/opuntia-elaia.com\/wp-content\/uploads\/2024\/03\/5-768x576.jpg 768w, https:\/\/opuntia-elaia.com\/wp-content\/uploads\/2024\/03\/5-67x50.jpg 67w, https:\/\/opuntia-elaia.com\/wp-content\/uploads\/2024\/03\/5-650x488.jpg 650w, https:\/\/opuntia-elaia.com\/wp-content\/uploads\/2024\/03\/5-1000x750.jpg 1000w, https:\/\/opuntia-elaia.com\/wp-content\/uploads\/2024\/03\/5.jpg 1777w\" sizes=\"(max-width: 1024px) 100vw, 1024px\" \/><\/figure>\n\n\n\n<h6>La cuisine ouvrant sur la terrasse<\/h6>\n\n\n\n<figure class=\"wp-block-image\"><img loading=\"lazy\" decoding=\"async\" width=\"1024\" height=\"768\" src=\"https:\/\/opuntia-elaia.com\/wp-content\/uploads\/2024\/03\/4-1024x768.jpg\" alt=\"\" class=\"wp-image-1286\" srcset=\"https:\/\/opuntia-elaia.com\/wp-content\/uploads\/2024\/03\/4-1024x768.jpg 1024w, https:\/\/opuntia-elaia.com\/wp-content\/uploads\/2024\/03\/4-300x225.jpg 300w, https:\/\/opuntia-elaia.com\/wp-content\/uploads\/2024\/03\/4-768x576.jpg 768w, https:\/\/opuntia-elaia.com\/wp-content\/uploads\/2024\/03\/4-67x50.jpg 67w, https:\/\/opuntia-elaia.com\/wp-content\/uploads\/2024\/03\/4-650x488.jpg 650w, https:\/\/opuntia-elaia.com\/wp-content\/uploads\/2024\/03\/4-1000x750.jpg 1000w, https:\/\/opuntia-elaia.com\/wp-content\/uploads\/2024\/03\/4.jpg 1777w\" sizes=\"(max-width: 1024px) 100vw, 1024px\" \/><\/figure>\n\n\n\n<h6>La cuisine climatis\u00e9e<\/h6>\n\n\n\n<figure class=\"wp-block-image\"><img loading=\"lazy\" decoding=\"async\" width=\"1024\" height=\"768\" src=\"https:\/\/opuntia-elaia.com\/wp-content\/uploads\/2024\/03\/3-1024x768.jpg\" alt=\"\" class=\"wp-image-1287\" srcset=\"https:\/\/opuntia-elaia.com\/wp-content\/uploads\/2024\/03\/3-1024x768.jpg 1024w, https:\/\/opuntia-elaia.com\/wp-content\/uploads\/2024\/03\/3-300x225.jpg 300w, https:\/\/opuntia-elaia.com\/wp-content\/uploads\/2024\/03\/3-768x576.jpg 768w, https:\/\/opuntia-elaia.com\/wp-content\/uploads\/2024\/03\/3-67x50.jpg 67w, https:\/\/opuntia-elaia.com\/wp-content\/uploads\/2024\/03\/3-650x488.jpg 650w, https:\/\/opuntia-elaia.com\/wp-content\/uploads\/2024\/03\/3-1000x750.jpg 1000w, https:\/\/opuntia-elaia.com\/wp-content\/uploads\/2024\/03\/3.jpg 1777w\" sizes=\"(max-width: 1024px) 100vw, 1024px\" \/><\/figure>\n\n\n\n<h6>un velux et trois fen\u00eatres rendent la cuisine claire et lumineuse<\/h6>\n\n\n\n<figure class=\"wp-block-image\"><img loading=\"lazy\" decoding=\"async\" width=\"1024\" height=\"768\" src=\"https:\/\/opuntia-elaia.com\/wp-content\/uploads\/2021\/02\/opuntia_escales_aude_location-touristique-10-1024x768.jpg\" alt=\"\" class=\"wp-image-927\" srcset=\"https:\/\/opuntia-elaia.com\/wp-content\/uploads\/2021\/02\/opuntia_escales_aude_location-touristique-10-1024x768.jpg 1024w, https:\/\/opuntia-elaia.com\/wp-content\/uploads\/2021\/02\/opuntia_escales_aude_location-touristique-10-300x225.jpg 300w, https:\/\/opuntia-elaia.com\/wp-content\/uploads\/2021\/02\/opuntia_escales_aude_location-touristique-10-768x576.jpg 768w, https:\/\/opuntia-elaia.com\/wp-content\/uploads\/2021\/02\/opuntia_escales_aude_location-touristique-10-67x50.jpg 67w, https:\/\/opuntia-elaia.com\/wp-content\/uploads\/2021\/02\/opuntia_escales_aude_location-touristique-10-650x488.jpg 650w, https:\/\/opuntia-elaia.com\/wp-content\/uploads\/2021\/02\/opuntia_escales_aude_location-touristique-10-1000x750.jpg 1000w, https:\/\/opuntia-elaia.com\/wp-content\/uploads\/2021\/02\/opuntia_escales_aude_location-touristique-10.jpg 1777w\" sizes=\"(max-width: 1024px) 100vw, 1024px\" \/><\/figure>\n\n\n\n<h6>le lave-vaisselle, la plaque \u00e0 induction avec hotte, le four &#8211; il y a aussi un micro-ondes<\/h6>\n\n\n\n<figure class=\"wp-block-image\"><img loading=\"lazy\" decoding=\"async\" width=\"1024\" height=\"768\" src=\"https:\/\/opuntia-elaia.com\/wp-content\/uploads\/2024\/03\/9-1024x768.jpg\" alt=\"\" class=\"wp-image-1290\" srcset=\"https:\/\/opuntia-elaia.com\/wp-content\/uploads\/2024\/03\/9-1024x768.jpg 1024w, https:\/\/opuntia-elaia.com\/wp-content\/uploads\/2024\/03\/9-300x225.jpg 300w, https:\/\/opuntia-elaia.com\/wp-content\/uploads\/2024\/03\/9-768x576.jpg 768w, https:\/\/opuntia-elaia.com\/wp-content\/uploads\/2024\/03\/9-67x50.jpg 67w, https:\/\/opuntia-elaia.com\/wp-content\/uploads\/2024\/03\/9-650x487.jpg 650w, https:\/\/opuntia-elaia.com\/wp-content\/uploads\/2024\/03\/9-1000x750.jpg 1000w, https:\/\/opuntia-elaia.com\/wp-content\/uploads\/2024\/03\/9.jpg 1778w\" sizes=\"(max-width: 1024px) 100vw, 1024px\" \/><\/figure>\n\n\n\n<h6>La chambre<\/h6>\n\n\n\n<figure class=\"wp-block-image\"><img loading=\"lazy\" decoding=\"async\" width=\"1024\" height=\"768\" src=\"https:\/\/opuntia-elaia.com\/wp-content\/uploads\/2024\/03\/10-1024x768.jpg\" alt=\"\" class=\"wp-image-1291\" srcset=\"https:\/\/opuntia-elaia.com\/wp-content\/uploads\/2024\/03\/10-1024x768.jpg 1024w, https:\/\/opuntia-elaia.com\/wp-content\/uploads\/2024\/03\/10-300x225.jpg 300w, https:\/\/opuntia-elaia.com\/wp-content\/uploads\/2024\/03\/10-768x576.jpg 768w, https:\/\/opuntia-elaia.com\/wp-content\/uploads\/2024\/03\/10-67x50.jpg 67w, https:\/\/opuntia-elaia.com\/wp-content\/uploads\/2024\/03\/10-650x488.jpg 650w, https:\/\/opuntia-elaia.com\/wp-content\/uploads\/2024\/03\/10-1000x750.jpg 1000w, https:\/\/opuntia-elaia.com\/wp-content\/uploads\/2024\/03\/10.jpg 1777w\" sizes=\"(max-width: 1024px) 100vw, 1024px\" \/><\/figure>\n\n\n\n<h6>la salle de bain refaite en 2024<\/h6>\n\n\n\n<figure class=\"wp-block-image\"><img loading=\"lazy\" decoding=\"async\" width=\"1024\" height=\"768\" src=\"https:\/\/opuntia-elaia.com\/wp-content\/uploads\/2024\/03\/11-1024x768.jpg\" alt=\"\" class=\"wp-image-1296\" srcset=\"https:\/\/opuntia-elaia.com\/wp-content\/uploads\/2024\/03\/11-1024x768.jpg 1024w, https:\/\/opuntia-elaia.com\/wp-content\/uploads\/2024\/03\/11-300x225.jpg 300w, https:\/\/opuntia-elaia.com\/wp-content\/uploads\/2024\/03\/11-768x576.jpg 768w, https:\/\/opuntia-elaia.com\/wp-content\/uploads\/2024\/03\/11-67x50.jpg 67w, https:\/\/opuntia-elaia.com\/wp-content\/uploads\/2024\/03\/11-650x488.jpg 650w, https:\/\/opuntia-elaia.com\/wp-content\/uploads\/2024\/03\/11-1000x750.jpg 1000w, https:\/\/opuntia-elaia.com\/wp-content\/uploads\/2024\/03\/11.jpg 1777w\" sizes=\"(max-width: 1024px) 100vw, 1024px\" \/><\/figure>\n\n\n\n<h6>La douche de 80&#215;120<\/h6>\n\n\n\n<p><\/p>\n\n\n\n<figure class=\"wp-block-image\"><img loading=\"lazy\" decoding=\"async\" width=\"1024\" height=\"682\" src=\"https:\/\/opuntia-elaia.com\/wp-content\/uploads\/2020\/03\/teouliero_location_touristique_aude_escales-3-1024x682.jpg\" alt=\"\" class=\"wp-image-528\" srcset=\"https:\/\/opuntia-elaia.com\/wp-content\/uploads\/2020\/03\/teouliero_location_touristique_aude_escales-3-1024x682.jpg 1024w, https:\/\/opuntia-elaia.com\/wp-content\/uploads\/2020\/03\/teouliero_location_touristique_aude_escales-3-300x200.jpg 300w, https:\/\/opuntia-elaia.com\/wp-content\/uploads\/2020\/03\/teouliero_location_touristique_aude_escales-3-768x512.jpg 768w, https:\/\/opuntia-elaia.com\/wp-content\/uploads\/2020\/03\/teouliero_location_touristique_aude_escales-3-75x50.jpg 75w, https:\/\/opuntia-elaia.com\/wp-content\/uploads\/2020\/03\/teouliero_location_touristique_aude_escales-3-650x433.jpg 650w, https:\/\/opuntia-elaia.com\/wp-content\/uploads\/2020\/03\/teouliero_location_touristique_aude_escales-3-1000x667.jpg 1000w, https:\/\/opuntia-elaia.com\/wp-content\/uploads\/2020\/03\/teouliero_location_touristique_aude_escales-3.jpg 2000w\" sizes=\"(max-width: 1024px) 100vw, 1024px\" \/><\/figure>\n\n\n\n<h6>Le salon au rdc<\/h6>\n\n\n\n<figure class=\"wp-block-image\"><img loading=\"lazy\" decoding=\"async\" width=\"1024\" height=\"768\" src=\"https:\/\/opuntia-elaia.com\/wp-content\/uploads\/2020\/03\/teouliero_location_touristique_aude_escales-2-1024x768.jpg\" alt=\"\" class=\"wp-image-527\" srcset=\"https:\/\/opuntia-elaia.com\/wp-content\/uploads\/2020\/03\/teouliero_location_touristique_aude_escales-2-1024x768.jpg 1024w, https:\/\/opuntia-elaia.com\/wp-content\/uploads\/2020\/03\/teouliero_location_touristique_aude_escales-2-300x225.jpg 300w, https:\/\/opuntia-elaia.com\/wp-content\/uploads\/2020\/03\/teouliero_location_touristique_aude_escales-2-768x576.jpg 768w, https:\/\/opuntia-elaia.com\/wp-content\/uploads\/2020\/03\/teouliero_location_touristique_aude_escales-2-67x50.jpg 67w, https:\/\/opuntia-elaia.com\/wp-content\/uploads\/2020\/03\/teouliero_location_touristique_aude_escales-2-650x488.jpg 650w, https:\/\/opuntia-elaia.com\/wp-content\/uploads\/2020\/03\/teouliero_location_touristique_aude_escales-2-1000x750.jpg 1000w, https:\/\/opuntia-elaia.com\/wp-content\/uploads\/2020\/03\/teouliero_location_touristique_aude_escales-2.jpg 1777w\" sizes=\"(max-width: 1024px) 100vw, 1024px\" \/><\/figure>\n\n\n\n<h6>Les v\u00e9los \u00e0 disposition<\/h6>\n\n\n\n<h5>Tarifs<\/h5>\n\n\n\n<hr class=\"wp-block-separator has-css-opacity\"\/>\n\n\n\n<p><strong>Tarifs \u00e0 la semaine pour la location Opuntia<\/strong> (tout inclus : linge de maison et m\u00e9nage offerts ! taxe de s\u00e9jour de 1.01 euros par adulte et par jour offerte) :<\/p>\n\n\n\n<p>\u25cf de janvier \u00e0 avril (jusqu\u2019aux vacances scolaires) : 275 euros<\/p>\n\n\n\n<p>\u25cf avril (\u00e0 partir des vacances scolaires) et mai : 295 euros<\/p>\n\n\n\n<p>\u25cf juin (jusqu&rsquo;aux vacances scolaires) : 350 euros<\/p>\n\n\n\n<p>\u25cf juillet (\u00e0 partir des vacances scolaires &#8211; 1<sup>\u00e8re<\/sup> quinzaine) : 450 euros<\/p>\n\n\n\n<p>\u25cf juillet (2<sup>\u00e8me<\/sup> quinzaine) : 550 puis 650 euros<\/p>\n\n\n\n<p>\u25cf ao\u00fbt (3 1\u00e8res semaines) : 795 euros<\/p>\n\n\n\n<p>\u25cf ao\u00fbt (derni\u00e8re semaine) : 550 euros<\/p>\n\n\n\n<p>\u25cf septembre (premi\u00e8re quinzaine) : 450 euros<\/p>\n\n\n\n<p>\u25cf septembre (deuxi\u00e8me quinzaine) : 350 euros puis 295 euros<\/p>\n\n\n\n<p>\u25cf d&rsquo;octobre \u00e0 d\u00e9cembre (jusqu\u2019aux vacances scolaires) : 295 euros<\/p>\n\n\n\n<p>\u25cf d\u00e9cembre (derni\u00e8re semaine) : 295 euros<\/p>\n\n\n\n<p><strong>Location du samedi au samedi d\u2019avril \u00e0 octobre. <\/strong><\/p>\n\n\n\n<h5>Disponibilit\u00e9s<\/h5>\n\n\n\n<hr class=\"wp-block-separator has-css-opacity\"\/>\n\n\n\n<p>Disponibilit\u00e9s en temps r\u00e9el sur le planning ci-dessous. <br>Contactez-nous par t\u00e9l\u00e9phone au <strong>06 73 68 87 51 <\/strong>ou par mail :<strong> contact[a]opuntia-elaia.com<\/strong> <br>(remplacez [a] par @)  <\/p>\n\n\n\n<iframe loading=\"lazy\" src=\"https:\/\/calendar.google.com\/calendar\/embed?src=fotfsv2gqn6dqt4p12vv8b5npc%40group.calendar.google.com&amp;ctz=Africa%2FCeuta\" style=\"border: 0\" width=\"800\" height=\"600\" frameborder=\"0\" scrolling=\"no\"><\/iframe>\n\n\n\n<div style=\"height:100px\" aria-hidden=\"true\" class=\"wp-block-spacer\"><\/div>\n\n\n\n<hr class=\"wp-block-separator has-css-opacity\"\/>\n","protected":false},"excerpt":{"rendered":"<p>Location Opuntia T\u00e9ouli\u00e8ro La maison Opuntia T\u00e9ouli\u00e8ro b\u00e2tie en pierre il y a fort longtemps a servi jadis \u00e0 accueillir des vendangeurs saisonniers : elle a \u00e9t\u00e9 enti\u00e8rement r\u00e9nov\u00e9e, am\u00e9nag\u00e9e [&hellip;]<\/p>\n<p><a href=\"https:\/\/opuntia-elaia.com\/index.php\/opuntia\/\" class=\"more-link style1-button\">Read More<\/a><\/p>","protected":false},"author":1,"featured_media":0,"parent":0,"menu_order":0,"comment_status":"closed","ping_status":"closed","template":"page-sidebar.php","meta":{"footnotes":""},"class_list":["post-69","page","type-page","status-publish","hentry"],"_links":{"self":[{"href":"https:\/\/opuntia-elaia.com\/index.php\/wp-json\/wp\/v2\/pages\/69"}],"collection":[{"href":"https:\/\/opuntia-elaia.com\/index.php\/wp-json\/wp\/v2\/pages"}],"about":[{"href":"https:\/\/opuntia-elaia.com\/index.php\/wp-json\/wp\/v2\/types\/page"}],"author":[{"embeddable":true,"href":"https:\/\/opuntia-elaia.com\/index.php\/wp-json\/wp\/v2\/users\/1"}],"replies":[{"embeddable":true,"href":"https:\/\/opuntia-elaia.com\/index.php\/wp-json\/wp\/v2\/comments?post=69"}],"version-history":[{"count":42,"href":"https:\/\/opuntia-elaia.com\/index.php\/wp-json\/wp\/v2\/pages\/69\/revisions"}],"predecessor-version":[{"id":1534,"href":"https:\/\/opuntia-elaia.com\/index.php\/wp-json\/wp\/v2\/pages\/69\/revisions\/1534"}],"wp:attachment":[{"href":"https:\/\/opuntia-elaia.com\/index.php\/wp-json\/wp\/v2\/media?parent=69"}],"curies":[{"name":"wp","href":"https:\/\/api.w.org\/{rel}","templated":true}]}}