{"id":73,"date":"2019-12-07T14:12:18","date_gmt":"2019-12-07T13:12:18","guid":{"rendered":"https:\/\/opuntia-elaia.com\/?page_id=73"},"modified":"2026-02-28T20:17:16","modified_gmt":"2026-02-28T19:17:16","slug":"tourisme","status":"publish","type":"page","link":"https:\/\/opuntia-elaia.com\/index.php\/tourisme\/","title":{"rendered":"TOURISME"},"content":{"rendered":"\n<figure class=\"wp-block-image\"><img loading=\"lazy\" decoding=\"async\" width=\"1024\" height=\"768\" src=\"https:\/\/opuntia-elaia.com\/wp-content\/uploads\/2020\/03\/gruissan_aude_location_touristique-1024x768.jpg\" alt=\"\" class=\"wp-image-684\" srcset=\"https:\/\/opuntia-elaia.com\/wp-content\/uploads\/2020\/03\/gruissan_aude_location_touristique-1024x768.jpg 1024w, https:\/\/opuntia-elaia.com\/wp-content\/uploads\/2020\/03\/gruissan_aude_location_touristique-300x225.jpg 300w, https:\/\/opuntia-elaia.com\/wp-content\/uploads\/2020\/03\/gruissan_aude_location_touristique-768x576.jpg 768w, https:\/\/opuntia-elaia.com\/wp-content\/uploads\/2020\/03\/gruissan_aude_location_touristique-67x50.jpg 67w, https:\/\/opuntia-elaia.com\/wp-content\/uploads\/2020\/03\/gruissan_aude_location_touristique-650x488.jpg 650w, https:\/\/opuntia-elaia.com\/wp-content\/uploads\/2020\/03\/gruissan_aude_location_touristique-1000x750.jpg 1000w, https:\/\/opuntia-elaia.com\/wp-content\/uploads\/2020\/03\/gruissan_aude_location_touristique.jpg 1777w\" sizes=\"(max-width: 1024px) 100vw, 1024px\" \/><\/figure>\n\n\n\n<h6>gruissan<\/h6>\n\n\n\n<div style=\"height:100px\" aria-hidden=\"true\" class=\"wp-block-spacer\"><\/div>\n\n\n\n<h5>UN SURVOL DE NOS RICHESSES TOURISTIQUES<\/h5>\n\n\n\n<hr class=\"wp-block-separator has-css-opacity\"\/>\n\n\n\n<h2 class=\"wp-block-heading\">La M\u00e9diterran\u00e9e, les pin\u00e8des, les vignes, le canal du Midi, la cit\u00e9 de Carcassonne, Minerve, de la Montagne Noire jusqu&rsquo;aux Pyr\u00e9n\u00e9es en passant par les Corbi\u00e8res&#8230; Voici une s\u00e9lection d&rsquo;images pour vous donner envie de venir s\u00e9journer dans la r\u00e9gion.<\/h2>\n\n\n\n<hr class=\"wp-block-separator has-css-opacity\"\/>\n\n\n\n<figure class=\"wp-block-image\"><img loading=\"lazy\" decoding=\"async\" width=\"1024\" height=\"768\" src=\"https:\/\/opuntia-elaia.com\/wp-content\/uploads\/2020\/03\/cite_carcassonne_aude_location_touristique-1024x768.jpg\" alt=\"\" class=\"wp-image-690\" srcset=\"https:\/\/opuntia-elaia.com\/wp-content\/uploads\/2020\/03\/cite_carcassonne_aude_location_touristique-1024x768.jpg 1024w, https:\/\/opuntia-elaia.com\/wp-content\/uploads\/2020\/03\/cite_carcassonne_aude_location_touristique-300x225.jpg 300w, https:\/\/opuntia-elaia.com\/wp-content\/uploads\/2020\/03\/cite_carcassonne_aude_location_touristique-768x576.jpg 768w, https:\/\/opuntia-elaia.com\/wp-content\/uploads\/2020\/03\/cite_carcassonne_aude_location_touristique-67x50.jpg 67w, https:\/\/opuntia-elaia.com\/wp-content\/uploads\/2020\/03\/cite_carcassonne_aude_location_touristique-650x488.jpg 650w, https:\/\/opuntia-elaia.com\/wp-content\/uploads\/2020\/03\/cite_carcassonne_aude_location_touristique-1000x750.jpg 1000w, https:\/\/opuntia-elaia.com\/wp-content\/uploads\/2020\/03\/cite_carcassonne_aude_location_touristique.jpg 1777w\" sizes=\"(max-width: 1024px) 100vw, 1024px\" \/><\/figure>\n\n\n\n<h6>cit\u00e9 de carcassonne<\/h6>\n\n\n\n<figure class=\"wp-block-image size-large\"><img loading=\"lazy\" decoding=\"async\" width=\"1024\" height=\"768\" src=\"https:\/\/opuntia-elaia.com\/wp-content\/uploads\/2025\/08\/20240623_161314-1024x768.jpg\" alt=\"\" class=\"wp-image-1495\" srcset=\"https:\/\/opuntia-elaia.com\/wp-content\/uploads\/2025\/08\/20240623_161314-1024x768.jpg 1024w, https:\/\/opuntia-elaia.com\/wp-content\/uploads\/2025\/08\/20240623_161314-300x225.jpg 300w, https:\/\/opuntia-elaia.com\/wp-content\/uploads\/2025\/08\/20240623_161314-768x576.jpg 768w, https:\/\/opuntia-elaia.com\/wp-content\/uploads\/2025\/08\/20240623_161314-1536x1152.jpg 1536w, https:\/\/opuntia-elaia.com\/wp-content\/uploads\/2025\/08\/20240623_161314-2048x1536.jpg 2048w, https:\/\/opuntia-elaia.com\/wp-content\/uploads\/2025\/08\/20240623_161314-67x50.jpg 67w, https:\/\/opuntia-elaia.com\/wp-content\/uploads\/2025\/08\/20240623_161314-650x488.jpg 650w, https:\/\/opuntia-elaia.com\/wp-content\/uploads\/2025\/08\/20240623_161314-1000x750.jpg 1000w\" sizes=\"(max-width: 1024px) 100vw, 1024px\" \/><\/figure>\n\n\n\n<h6>le canal du Midi<\/h6>\n\n\n\n<figure class=\"wp-block-image\"><img loading=\"lazy\" decoding=\"async\" width=\"1024\" height=\"768\" src=\"https:\/\/opuntia-elaia.com\/wp-content\/uploads\/2024\/03\/24-1024x768.jpg\" alt=\"\" class=\"wp-image-1305\" srcset=\"https:\/\/opuntia-elaia.com\/wp-content\/uploads\/2024\/03\/24-1024x768.jpg 1024w, https:\/\/opuntia-elaia.com\/wp-content\/uploads\/2024\/03\/24-300x225.jpg 300w, https:\/\/opuntia-elaia.com\/wp-content\/uploads\/2024\/03\/24-768x576.jpg 768w, https:\/\/opuntia-elaia.com\/wp-content\/uploads\/2024\/03\/24-67x50.jpg 67w, https:\/\/opuntia-elaia.com\/wp-content\/uploads\/2024\/03\/24-650x488.jpg 650w, https:\/\/opuntia-elaia.com\/wp-content\/uploads\/2024\/03\/24-1000x750.jpg 1000w\" sizes=\"(max-width: 1024px) 100vw, 1024px\" \/><\/figure>\n\n\n\n<h6>le lac de Jouarr\u00e8s \u00e0 10 minutes &#8211; on peut s&rsquo;y baigner !<\/h6>\n\n\n\n<figure class=\"wp-block-image\"><img loading=\"lazy\" decoding=\"async\" width=\"1024\" height=\"768\" src=\"https:\/\/opuntia-elaia.com\/wp-content\/uploads\/2020\/03\/la_franqui_aude_location_touristique-1024x768.jpg\" alt=\"\" class=\"wp-image-692\" srcset=\"https:\/\/opuntia-elaia.com\/wp-content\/uploads\/2020\/03\/la_franqui_aude_location_touristique-1024x768.jpg 1024w, https:\/\/opuntia-elaia.com\/wp-content\/uploads\/2020\/03\/la_franqui_aude_location_touristique-300x225.jpg 300w, https:\/\/opuntia-elaia.com\/wp-content\/uploads\/2020\/03\/la_franqui_aude_location_touristique-768x576.jpg 768w, https:\/\/opuntia-elaia.com\/wp-content\/uploads\/2020\/03\/la_franqui_aude_location_touristique-67x50.jpg 67w, https:\/\/opuntia-elaia.com\/wp-content\/uploads\/2020\/03\/la_franqui_aude_location_touristique-650x488.jpg 650w, https:\/\/opuntia-elaia.com\/wp-content\/uploads\/2020\/03\/la_franqui_aude_location_touristique-1000x750.jpg 1000w, https:\/\/opuntia-elaia.com\/wp-content\/uploads\/2020\/03\/la_franqui_aude_location_touristique.jpg 1777w\" sizes=\"(max-width: 1024px) 100vw, 1024px\" \/><\/figure>\n\n\n\n<h6>Minerve<\/h6>\n\n\n\n<figure class=\"wp-block-image\"><img loading=\"lazy\" decoding=\"async\" width=\"1024\" height=\"768\" src=\"https:\/\/opuntia-elaia.com\/wp-content\/uploads\/2020\/03\/la_franqui_aude_location_touristique_1-1024x768.jpg\" alt=\"\" class=\"wp-image-693\" srcset=\"https:\/\/opuntia-elaia.com\/wp-content\/uploads\/2020\/03\/la_franqui_aude_location_touristique_1-1024x768.jpg 1024w, https:\/\/opuntia-elaia.com\/wp-content\/uploads\/2020\/03\/la_franqui_aude_location_touristique_1-300x225.jpg 300w, https:\/\/opuntia-elaia.com\/wp-content\/uploads\/2020\/03\/la_franqui_aude_location_touristique_1-768x576.jpg 768w, https:\/\/opuntia-elaia.com\/wp-content\/uploads\/2020\/03\/la_franqui_aude_location_touristique_1-67x50.jpg 67w, https:\/\/opuntia-elaia.com\/wp-content\/uploads\/2020\/03\/la_franqui_aude_location_touristique_1-650x488.jpg 650w, https:\/\/opuntia-elaia.com\/wp-content\/uploads\/2020\/03\/la_franqui_aude_location_touristique_1-1000x750.jpg 1000w, https:\/\/opuntia-elaia.com\/wp-content\/uploads\/2020\/03\/la_franqui_aude_location_touristique_1.jpg 1777w\" sizes=\"(max-width: 1024px) 100vw, 1024px\" \/><\/figure>\n\n\n\n<h6>la franqui<\/h6>\n\n\n\n<figure class=\"wp-block-image\"><img loading=\"lazy\" decoding=\"async\" width=\"1024\" height=\"768\" src=\"https:\/\/opuntia-elaia.com\/wp-content\/uploads\/2020\/03\/ile_sainte_lucie_aude_location_touristique-1024x768.jpg\" alt=\"\" class=\"wp-image-695\" srcset=\"https:\/\/opuntia-elaia.com\/wp-content\/uploads\/2020\/03\/ile_sainte_lucie_aude_location_touristique-1024x768.jpg 1024w, https:\/\/opuntia-elaia.com\/wp-content\/uploads\/2020\/03\/ile_sainte_lucie_aude_location_touristique-300x225.jpg 300w, https:\/\/opuntia-elaia.com\/wp-content\/uploads\/2020\/03\/ile_sainte_lucie_aude_location_touristique-768x576.jpg 768w, https:\/\/opuntia-elaia.com\/wp-content\/uploads\/2020\/03\/ile_sainte_lucie_aude_location_touristique-67x50.jpg 67w, https:\/\/opuntia-elaia.com\/wp-content\/uploads\/2020\/03\/ile_sainte_lucie_aude_location_touristique-650x488.jpg 650w, https:\/\/opuntia-elaia.com\/wp-content\/uploads\/2020\/03\/ile_sainte_lucie_aude_location_touristique-1000x750.jpg 1000w, https:\/\/opuntia-elaia.com\/wp-content\/uploads\/2020\/03\/ile_sainte_lucie_aude_location_touristique.jpg 1777w\" sizes=\"(max-width: 1024px) 100vw, 1024px\" \/><\/figure>\n\n\n\n<h6>\u00eele sainte-lucie<\/h6>\n\n\n\n<figure class=\"wp-block-image size-large\"><img loading=\"lazy\" decoding=\"async\" width=\"1024\" height=\"768\" src=\"https:\/\/opuntia-elaia.com\/wp-content\/uploads\/2026\/02\/43-1024x768.jpg\" alt=\"\" class=\"wp-image-1629\" srcset=\"https:\/\/opuntia-elaia.com\/wp-content\/uploads\/2026\/02\/43-1024x768.jpg 1024w, https:\/\/opuntia-elaia.com\/wp-content\/uploads\/2026\/02\/43-300x225.jpg 300w, https:\/\/opuntia-elaia.com\/wp-content\/uploads\/2026\/02\/43-768x576.jpg 768w, https:\/\/opuntia-elaia.com\/wp-content\/uploads\/2026\/02\/43-1536x1152.jpg 1536w, https:\/\/opuntia-elaia.com\/wp-content\/uploads\/2026\/02\/43-2048x1536.jpg 2048w, https:\/\/opuntia-elaia.com\/wp-content\/uploads\/2026\/02\/43-67x50.jpg 67w, https:\/\/opuntia-elaia.com\/wp-content\/uploads\/2026\/02\/43-650x488.jpg 650w, https:\/\/opuntia-elaia.com\/wp-content\/uploads\/2026\/02\/43-1000x750.jpg 1000w\" sizes=\"(max-width: 1024px) 100vw, 1024px\" \/><\/figure>\n\n\n\n<h6>la fra\u00eecheur de la Montagne Noire l&rsquo;\u00e9t\u00e9<\/h6>\n\n\n\n<figure class=\"wp-block-image\"><img loading=\"lazy\" decoding=\"async\" width=\"1024\" height=\"768\" src=\"https:\/\/opuntia-elaia.com\/wp-content\/uploads\/2020\/03\/chateaux_lastours_aude_location_touristique-1024x768.jpg\" alt=\"\" class=\"wp-image-696\" srcset=\"https:\/\/opuntia-elaia.com\/wp-content\/uploads\/2020\/03\/chateaux_lastours_aude_location_touristique-1024x768.jpg 1024w, https:\/\/opuntia-elaia.com\/wp-content\/uploads\/2020\/03\/chateaux_lastours_aude_location_touristique-300x225.jpg 300w, https:\/\/opuntia-elaia.com\/wp-content\/uploads\/2020\/03\/chateaux_lastours_aude_location_touristique-768x576.jpg 768w, https:\/\/opuntia-elaia.com\/wp-content\/uploads\/2020\/03\/chateaux_lastours_aude_location_touristique-67x50.jpg 67w, https:\/\/opuntia-elaia.com\/wp-content\/uploads\/2020\/03\/chateaux_lastours_aude_location_touristique-650x488.jpg 650w, https:\/\/opuntia-elaia.com\/wp-content\/uploads\/2020\/03\/chateaux_lastours_aude_location_touristique-1000x750.jpg 1000w, https:\/\/opuntia-elaia.com\/wp-content\/uploads\/2020\/03\/chateaux_lastours_aude_location_touristique.jpg 1777w\" sizes=\"(max-width: 1024px) 100vw, 1024px\" \/><\/figure>\n\n\n\n<h6>ch\u00e2teaux de lastours<\/h6>\n\n\n\n<figure class=\"wp-block-image size-large\"><img loading=\"lazy\" decoding=\"async\" width=\"1024\" height=\"768\" src=\"https:\/\/opuntia-elaia.com\/wp-content\/uploads\/2026\/02\/44-1024x768.jpg\" alt=\"\" class=\"wp-image-1633\" srcset=\"https:\/\/opuntia-elaia.com\/wp-content\/uploads\/2026\/02\/44-1024x768.jpg 1024w, https:\/\/opuntia-elaia.com\/wp-content\/uploads\/2026\/02\/44-300x225.jpg 300w, https:\/\/opuntia-elaia.com\/wp-content\/uploads\/2026\/02\/44-768x576.jpg 768w, https:\/\/opuntia-elaia.com\/wp-content\/uploads\/2026\/02\/44-1536x1152.jpg 1536w, https:\/\/opuntia-elaia.com\/wp-content\/uploads\/2026\/02\/44-2048x1536.jpg 2048w, https:\/\/opuntia-elaia.com\/wp-content\/uploads\/2026\/02\/44-67x50.jpg 67w, https:\/\/opuntia-elaia.com\/wp-content\/uploads\/2026\/02\/44-650x488.jpg 650w, https:\/\/opuntia-elaia.com\/wp-content\/uploads\/2026\/02\/44-1000x750.jpg 1000w\" sizes=\"(max-width: 1024px) 100vw, 1024px\" \/><\/figure>\n\n\n\n<h6>vue de la falaise de La Franqui<\/h6>\n\n\n\n<figure class=\"wp-block-image\"><img loading=\"lazy\" decoding=\"async\" width=\"1024\" height=\"768\" src=\"https:\/\/opuntia-elaia.com\/wp-content\/uploads\/2019\/12\/tourisme_aude_opuntia-elaia-9-1024x768.jpg\" alt=\"\" class=\"wp-image-304\" srcset=\"https:\/\/opuntia-elaia.com\/wp-content\/uploads\/2019\/12\/tourisme_aude_opuntia-elaia-9-1024x768.jpg 1024w, https:\/\/opuntia-elaia.com\/wp-content\/uploads\/2019\/12\/tourisme_aude_opuntia-elaia-9-300x225.jpg 300w, https:\/\/opuntia-elaia.com\/wp-content\/uploads\/2019\/12\/tourisme_aude_opuntia-elaia-9-768x576.jpg 768w\" sizes=\"(max-width: 1024px) 100vw, 1024px\" \/><\/figure>\n\n\n\n<h6>les falaises de Leucate<\/h6>\n\n\n\n<figure class=\"wp-block-image\"><img loading=\"lazy\" decoding=\"async\" width=\"1024\" height=\"768\" src=\"https:\/\/opuntia-elaia.com\/wp-content\/uploads\/2020\/03\/tourisme_aude_opuntia-elaia-6-1024x768.jpg\" alt=\"\" class=\"wp-image-698\" srcset=\"https:\/\/opuntia-elaia.com\/wp-content\/uploads\/2020\/03\/tourisme_aude_opuntia-elaia-6-1024x768.jpg 1024w, https:\/\/opuntia-elaia.com\/wp-content\/uploads\/2020\/03\/tourisme_aude_opuntia-elaia-6-300x225.jpg 300w, https:\/\/opuntia-elaia.com\/wp-content\/uploads\/2020\/03\/tourisme_aude_opuntia-elaia-6-768x576.jpg 768w, https:\/\/opuntia-elaia.com\/wp-content\/uploads\/2020\/03\/tourisme_aude_opuntia-elaia-6-67x50.jpg 67w, https:\/\/opuntia-elaia.com\/wp-content\/uploads\/2020\/03\/tourisme_aude_opuntia-elaia-6-650x488.jpg 650w, https:\/\/opuntia-elaia.com\/wp-content\/uploads\/2020\/03\/tourisme_aude_opuntia-elaia-6-1000x750.jpg 1000w, https:\/\/opuntia-elaia.com\/wp-content\/uploads\/2020\/03\/tourisme_aude_opuntia-elaia-6.jpg 1777w\" sizes=\"(max-width: 1024px) 100vw, 1024px\" \/><\/figure>\n\n\n\n<h6>les Corbi\u00e8res<\/h6>\n\n\n\n<figure class=\"wp-block-image\"><img loading=\"lazy\" decoding=\"async\" width=\"1024\" height=\"576\" src=\"https:\/\/opuntia-elaia.com\/wp-content\/uploads\/2024\/03\/13-1024x576.jpg\" alt=\"\" class=\"wp-image-1309\" srcset=\"https:\/\/opuntia-elaia.com\/wp-content\/uploads\/2024\/03\/13-1024x576.jpg 1024w, https:\/\/opuntia-elaia.com\/wp-content\/uploads\/2024\/03\/13-300x169.jpg 300w, https:\/\/opuntia-elaia.com\/wp-content\/uploads\/2024\/03\/13-768x432.jpg 768w, https:\/\/opuntia-elaia.com\/wp-content\/uploads\/2024\/03\/13-89x50.jpg 89w, https:\/\/opuntia-elaia.com\/wp-content\/uploads\/2024\/03\/13-650x366.jpg 650w, https:\/\/opuntia-elaia.com\/wp-content\/uploads\/2024\/03\/13-1000x563.jpg 1000w\" sizes=\"(max-width: 1024px) 100vw, 1024px\" \/><\/figure>\n\n\n\n<h6>Notre-Dame-du-Colombier en mai pr\u00e8s d&rsquo;Escales<\/h6>\n\n\n\n<figure class=\"wp-block-image\"><img loading=\"lazy\" decoding=\"async\" width=\"1024\" height=\"683\" src=\"https:\/\/opuntia-elaia.com\/wp-content\/uploads\/2024\/03\/36-1024x683.jpg\" alt=\"\" class=\"wp-image-1301\" srcset=\"https:\/\/opuntia-elaia.com\/wp-content\/uploads\/2024\/03\/36-1024x683.jpg 1024w, https:\/\/opuntia-elaia.com\/wp-content\/uploads\/2024\/03\/36-300x200.jpg 300w, https:\/\/opuntia-elaia.com\/wp-content\/uploads\/2024\/03\/36-768x512.jpg 768w, https:\/\/opuntia-elaia.com\/wp-content\/uploads\/2024\/03\/36-75x50.jpg 75w, https:\/\/opuntia-elaia.com\/wp-content\/uploads\/2024\/03\/36-650x433.jpg 650w, https:\/\/opuntia-elaia.com\/wp-content\/uploads\/2024\/03\/36-1000x667.jpg 1000w\" sizes=\"(max-width: 1024px) 100vw, 1024px\" \/><\/figure>\n\n\n\n<h6>le ch\u00e2teau de Peyrepertuse<\/h6>\n\n\n\n<figure class=\"wp-block-image\"><img loading=\"lazy\" decoding=\"async\" width=\"1024\" height=\"764\" src=\"https:\/\/opuntia-elaia.com\/wp-content\/uploads\/2024\/03\/31-1024x764.jpg\" alt=\"\" class=\"wp-image-1303\" srcset=\"https:\/\/opuntia-elaia.com\/wp-content\/uploads\/2024\/03\/31-1024x764.jpg 1024w, https:\/\/opuntia-elaia.com\/wp-content\/uploads\/2024\/03\/31-300x224.jpg 300w, https:\/\/opuntia-elaia.com\/wp-content\/uploads\/2024\/03\/31-768x573.jpg 768w, https:\/\/opuntia-elaia.com\/wp-content\/uploads\/2024\/03\/31-67x50.jpg 67w, https:\/\/opuntia-elaia.com\/wp-content\/uploads\/2024\/03\/31-650x485.jpg 650w, https:\/\/opuntia-elaia.com\/wp-content\/uploads\/2024\/03\/31-1000x746.jpg 1000w, https:\/\/opuntia-elaia.com\/wp-content\/uploads\/2024\/03\/31.jpg 1211w\" sizes=\"(max-width: 1024px) 100vw, 1024px\" \/><\/figure>\n\n\n\n<h6>l&rsquo;abbaye de Fontfroide<\/h6>\n\n\n\n<div style=\"height:100px\" aria-hidden=\"true\" class=\"wp-block-spacer\"><\/div>\n\n\n\n<hr class=\"wp-block-separator has-css-opacity\"\/>\n\n\n\n<div style=\"height:100px\" aria-hidden=\"true\" class=\"wp-block-spacer\"><\/div>\n","protected":false},"excerpt":{"rendered":"<p>gruissan UN SURVOL DE NOS RICHESSES TOURISTIQUES La M\u00e9diterran\u00e9e, les pin\u00e8des, les vignes, le canal du Midi, la cit\u00e9 de Carcassonne, Minerve, de la Montagne Noire jusqu&rsquo;aux Pyr\u00e9n\u00e9es en passant [&hellip;]<\/p>\n<p><a href=\"https:\/\/opuntia-elaia.com\/index.php\/tourisme\/\" class=\"more-link style1-button\">Read More<\/a><\/p>","protected":false},"author":1,"featured_media":0,"parent":0,"menu_order":0,"comment_status":"closed","ping_status":"closed","template":"page-sidebar.php","meta":{"footnotes":""},"class_list":["post-73","page","type-page","status-publish","hentry"],"_links":{"self":[{"href":"https:\/\/opuntia-elaia.com\/index.php\/wp-json\/wp\/v2\/pages\/73"}],"collection":[{"href":"https:\/\/opuntia-elaia.com\/index.php\/wp-json\/wp\/v2\/pages"}],"about":[{"href":"https:\/\/opuntia-elaia.com\/index.php\/wp-json\/wp\/v2\/types\/page"}],"author":[{"embeddable":true,"href":"https:\/\/opuntia-elaia.com\/index.php\/wp-json\/wp\/v2\/users\/1"}],"replies":[{"embeddable":true,"href":"https:\/\/opuntia-elaia.com\/index.php\/wp-json\/wp\/v2\/comments?post=73"}],"version-history":[{"count":12,"href":"https:\/\/opuntia-elaia.com\/index.php\/wp-json\/wp\/v2\/pages\/73\/revisions"}],"predecessor-version":[{"id":1635,"href":"https:\/\/opuntia-elaia.com\/index.php\/wp-json\/wp\/v2\/pages\/73\/revisions\/1635"}],"wp:attachment":[{"href":"https:\/\/opuntia-elaia.com\/index.php\/wp-json\/wp\/v2\/media?parent=73"}],"curies":[{"name":"wp","href":"https:\/\/api.w.org\/{rel}","templated":true}]}}