{"id":990,"date":"2022-08-22T10:28:13","date_gmt":"2022-08-22T08:28:13","guid":{"rendered":"https:\/\/opuntia-elaia.com\/?page_id=990"},"modified":"2025-08-18T19:37:32","modified_gmt":"2025-08-18T17:37:32","slug":"opuntia-pech","status":"publish","type":"page","link":"https:\/\/opuntia-elaia.com\/index.php\/opuntia-pech\/","title":{"rendered":"Location Pech | Opuntia"},"content":{"rendered":"<div class=\"wp-block-image\">\n<figure class=\"aligncenter\"><img loading=\"lazy\" decoding=\"async\" width=\"300\" height=\"122\" src=\"https:\/\/opuntia-elaia.com\/wp-content\/uploads\/2019\/12\/logo_opuntia_elaia-03-300x122.png\" alt=\"\" class=\"wp-image-313\"\/><\/figure><\/div>\n\n\n<figure class=\"wp-block-image\"><img loading=\"lazy\" decoding=\"async\" width=\"1024\" height=\"768\" src=\"https:\/\/opuntia-elaia.com\/wp-content\/uploads\/2022\/08\/20210506_122743-2-1024x768.jpg\" alt=\"\" class=\"wp-image-1061\" srcset=\"https:\/\/opuntia-elaia.com\/wp-content\/uploads\/2022\/08\/20210506_122743-2-1024x768.jpg 1024w, https:\/\/opuntia-elaia.com\/wp-content\/uploads\/2022\/08\/20210506_122743-2-300x225.jpg 300w, https:\/\/opuntia-elaia.com\/wp-content\/uploads\/2022\/08\/20210506_122743-2-768x576.jpg 768w, https:\/\/opuntia-elaia.com\/wp-content\/uploads\/2022\/08\/20210506_122743-2-67x50.jpg 67w, https:\/\/opuntia-elaia.com\/wp-content\/uploads\/2022\/08\/20210506_122743-2-650x488.jpg 650w, https:\/\/opuntia-elaia.com\/wp-content\/uploads\/2022\/08\/20210506_122743-2-1000x750.jpg 1000w, https:\/\/opuntia-elaia.com\/wp-content\/uploads\/2022\/08\/20210506_122743-2.jpg 2000w\" sizes=\"(max-width: 1024px) 100vw, 1024px\" \/><\/figure>\n\n\n\n<h5 class=\"wp-block-heading\">location Opuntia Pech<\/h5>\n\n\n\n<hr class=\"wp-block-separator has-css-opacity\"\/>\n\n\n\n<h2 class=\"wp-block-heading\">Pech signifie colline : la rue du Pech conduit en effet sur les hauteurs du village d&rsquo;Escales. On peut donc profiter de l&rsquo;une des terrasses de cette maison d&rsquo;une vue panoramique sur la plaine minervoise et la Montagne Noire. L&rsquo;enveloppe de pierre de la b\u00e2tisse rec\u00e8le un int\u00e9rieur r\u00e9solument contemporain.<\/h2>\n\n\n\n<p><em>La maison Opuntia Pech se trouve \u00eatre plus pr\u00e9cis\u00e9ment une ancienne cave viticole qui a \u00e9t\u00e9 transform\u00e9e en un logement moderne, am\u00e9nag\u00e9 avec soin et climatis\u00e9. Au rez-de-chauss\u00e9e, on arrive par un petit espace ext\u00e9rieur plant\u00e9 de palmiers, puis par une entr\u00e9e lumineuse avec un petit bureau ; on y trouve ensuite deux chambres, une salle de bain et des WC ind\u00e9pendants. &nbsp;L\u2019\u00e9tage s\u2019ouvre sur un cuisine-s\u00e9jour moderne et tr\u00e8s lumineux : le s\u00e9jour s\u2019\u00e9tend par une baie \u00e0 galandage vers une terrasse couverte c\u00f4t\u00e9 Corbi\u00e8res (avec vis-\u00e0-vis sur l\u2019autre location, Opuntia T\u00e9ouli\u00e8ro, vue sur les toits du village et les pin\u00e8des avoisinantes) ; la cuisine quant \u00e0 elle donne acc\u00e8s \u00e0 une terrasse sans vis-\u00e0-vis, offrant une vue panoramique sur la plaine du Minervois et la montagne Noire. Le logement peut accueillir au maximum quatre personnes (une des chambres propose un lit double et l\u2019autre un lit simple ainsi qu\u2019un fauteuil convertible). <\/em>  <br><em>Nous proposons \u00e0 nos locataires des chambres climatis\u00e9es, une cuisine \u00e9quip\u00e9e, une literie confortable, et une d\u00e9coration contemporaine de qualit\u00e9&nbsp;(fauteuils Starck, appliques Art\u00e9mide, suspension de designer, portes de placard en verre color\u00e9, vitrail\u2026). <\/em> <\/p>\n\n\n\n<p><strong>Nos atouts :<\/strong><\/p>\n\n\n\n<ul class=\"wp-block-list\">\n<li>Du soleil ! la maison est situ\u00e9e dans la partie m\u00e9diterran\u00e9enne de l&rsquo;Aude<\/li>\n\n\n\n<li>Situation id\u00e9ale pour rayonner : vous pourrez aller \u00e0 la mer (moins de 40 minutes des plages de Gruissan ou La Franqui), mais aussi vous ressourcer en visitant l&rsquo;arri\u00e8re pays (cit\u00e9s de Minerve, de Carcassonne, ch\u00e2teaux cathares, \u2026)<\/li>\n\n\n\n<li>Calme assur\u00e9 au c\u0153ur d\u2019un village m\u00e9diterran\u00e9en authentique<\/li>\n\n\n\n<li>Trois ext\u00e9rieurs : mini-jardin, une terrasse couverte et une terrasse panoramique<\/li>\n\n\n\n<li>Literie de qualit\u00e9<\/li>\n\n\n\n<li>Maison en pierre lumineuse r\u00e9cemment r\u00e9nov\u00e9e et propre, offrant le confort souhait\u00e9  <\/li>\n\n\n\n<li>Id\u00e9al pour la randonn\u00e9e p\u00e9destre et le v\u00e9lo <\/li>\n\n\n\n<li>Lac \u00e0 10 min pour baignade et activit\u00e9s nautiques en saison, canal du Midi \u00e0 5 min<\/li>\n\n\n\n<li>Paiement possible par ch\u00e8ques vacances<\/li>\n\n\n\n<li>Animaux accept\u00e9s, sur demande pr\u00e9alable (c\u2019est gratuit !)<\/li>\n\n\n\n<li>M\u00e9nage offert en fin de s\u00e9jour !<\/li>\n\n\n\n<li>Pr\u00eat de deux VTT, un mod\u00e8le homme et un mod\u00e8le femme<\/li>\n<\/ul>\n\n\n\n<p><strong>Confort :<\/strong><br><br>Climatisation dans le s\u00e9jour-cuisine et dans chacune des chambres, WI-FI, cha\u00eene HI-FI\/ DVD\/ Home Cin\u00e9ma, 2 TV \u00e9cran plat, frigo\/cong\u00e9lateur, cafeti\u00e8re, bouilloire, grille-pain, machine \u00e0 laver, barbecue \u00e9lectrique, micro-onde, plaque \u00e0 induction, hotte, \u2026<\/p>\n\n\n\n<figure class=\"wp-block-image\"><img loading=\"lazy\" decoding=\"async\" width=\"1024\" height=\"768\" src=\"https:\/\/opuntia-elaia.com\/wp-content\/uploads\/2022\/08\/Escales_mai_2021-2-1024x768.jpg\" alt=\"\" class=\"wp-image-1063\" srcset=\"https:\/\/opuntia-elaia.com\/wp-content\/uploads\/2022\/08\/Escales_mai_2021-2-1024x768.jpg 1024w, https:\/\/opuntia-elaia.com\/wp-content\/uploads\/2022\/08\/Escales_mai_2021-2-300x225.jpg 300w, https:\/\/opuntia-elaia.com\/wp-content\/uploads\/2022\/08\/Escales_mai_2021-2-768x576.jpg 768w, https:\/\/opuntia-elaia.com\/wp-content\/uploads\/2022\/08\/Escales_mai_2021-2-67x50.jpg 67w, https:\/\/opuntia-elaia.com\/wp-content\/uploads\/2022\/08\/Escales_mai_2021-2-650x488.jpg 650w, https:\/\/opuntia-elaia.com\/wp-content\/uploads\/2022\/08\/Escales_mai_2021-2-1000x750.jpg 1000w, https:\/\/opuntia-elaia.com\/wp-content\/uploads\/2022\/08\/Escales_mai_2021-2.jpg 1777w\" sizes=\"(max-width: 1024px) 100vw, 1024px\" \/><\/figure>\n\n\n\n<h6 class=\"wp-block-heading\">le s\u00e9jour-cuisine \u00e0 l&rsquo;\u00e9tage<\/h6>\n\n\n\n<figure class=\"wp-block-image\"><img loading=\"lazy\" decoding=\"async\" width=\"1024\" height=\"768\" src=\"https:\/\/opuntia-elaia.com\/wp-content\/uploads\/2022\/08\/Escales_mai_2021-1-1024x768.jpg\" alt=\"\" class=\"wp-image-1062\" srcset=\"https:\/\/opuntia-elaia.com\/wp-content\/uploads\/2022\/08\/Escales_mai_2021-1-1024x768.jpg 1024w, https:\/\/opuntia-elaia.com\/wp-content\/uploads\/2022\/08\/Escales_mai_2021-1-300x225.jpg 300w, https:\/\/opuntia-elaia.com\/wp-content\/uploads\/2022\/08\/Escales_mai_2021-1-768x576.jpg 768w, https:\/\/opuntia-elaia.com\/wp-content\/uploads\/2022\/08\/Escales_mai_2021-1-67x50.jpg 67w, https:\/\/opuntia-elaia.com\/wp-content\/uploads\/2022\/08\/Escales_mai_2021-1-650x488.jpg 650w, https:\/\/opuntia-elaia.com\/wp-content\/uploads\/2022\/08\/Escales_mai_2021-1-1000x750.jpg 1000w, https:\/\/opuntia-elaia.com\/wp-content\/uploads\/2022\/08\/Escales_mai_2021-1.jpg 1777w\" sizes=\"(max-width: 1024px) 100vw, 1024px\" \/><\/figure>\n\n\n\n<h6 class=\"wp-block-heading\">  <br>le s\u00e9jour-cuisine \u00e0 l&rsquo;\u00e9tage <\/h6>\n\n\n\n<figure class=\"wp-block-image\"><img loading=\"lazy\" decoding=\"async\" width=\"1024\" height=\"768\" src=\"https:\/\/opuntia-elaia.com\/wp-content\/uploads\/2022\/08\/Escales_mai_2021-5-1024x768.jpg\" alt=\"\" class=\"wp-image-1066\" srcset=\"https:\/\/opuntia-elaia.com\/wp-content\/uploads\/2022\/08\/Escales_mai_2021-5-1024x768.jpg 1024w, https:\/\/opuntia-elaia.com\/wp-content\/uploads\/2022\/08\/Escales_mai_2021-5-300x225.jpg 300w, https:\/\/opuntia-elaia.com\/wp-content\/uploads\/2022\/08\/Escales_mai_2021-5-768x576.jpg 768w, https:\/\/opuntia-elaia.com\/wp-content\/uploads\/2022\/08\/Escales_mai_2021-5-67x50.jpg 67w, https:\/\/opuntia-elaia.com\/wp-content\/uploads\/2022\/08\/Escales_mai_2021-5-650x488.jpg 650w, https:\/\/opuntia-elaia.com\/wp-content\/uploads\/2022\/08\/Escales_mai_2021-5-1000x750.jpg 1000w, https:\/\/opuntia-elaia.com\/wp-content\/uploads\/2022\/08\/Escales_mai_2021-5.jpg 1777w\" sizes=\"(max-width: 1024px) 100vw, 1024px\" \/><\/figure>\n\n\n\n<h6 class=\"wp-block-heading\"> <br>le s\u00e9jour-cuisine \u00e0 l&rsquo;\u00e9tage <\/h6>\n\n\n\n<figure class=\"wp-block-image\"><img loading=\"lazy\" decoding=\"async\" width=\"1024\" height=\"768\" src=\"https:\/\/opuntia-elaia.com\/wp-content\/uploads\/2022\/08\/Escales_mai_2021-3-1024x768.jpg\" alt=\"\" class=\"wp-image-1064\" srcset=\"https:\/\/opuntia-elaia.com\/wp-content\/uploads\/2022\/08\/Escales_mai_2021-3-1024x768.jpg 1024w, https:\/\/opuntia-elaia.com\/wp-content\/uploads\/2022\/08\/Escales_mai_2021-3-300x225.jpg 300w, https:\/\/opuntia-elaia.com\/wp-content\/uploads\/2022\/08\/Escales_mai_2021-3-768x576.jpg 768w, https:\/\/opuntia-elaia.com\/wp-content\/uploads\/2022\/08\/Escales_mai_2021-3-67x50.jpg 67w, https:\/\/opuntia-elaia.com\/wp-content\/uploads\/2022\/08\/Escales_mai_2021-3-650x488.jpg 650w, https:\/\/opuntia-elaia.com\/wp-content\/uploads\/2022\/08\/Escales_mai_2021-3-1000x750.jpg 1000w, https:\/\/opuntia-elaia.com\/wp-content\/uploads\/2022\/08\/Escales_mai_2021-3.jpg 1777w\" sizes=\"(max-width: 1024px) 100vw, 1024px\" \/><\/figure>\n\n\n\n<h6 class=\"wp-block-heading\"> <br>le s\u00e9jour-cuisine \u00e0 l&rsquo;\u00e9tage <\/h6>\n\n\n\n<figure class=\"wp-block-image\"><img loading=\"lazy\" decoding=\"async\" width=\"1024\" height=\"768\" src=\"https:\/\/opuntia-elaia.com\/wp-content\/uploads\/2022\/08\/20210503_111613-2-1024x768.jpg\" alt=\"\" class=\"wp-image-1059\" srcset=\"https:\/\/opuntia-elaia.com\/wp-content\/uploads\/2022\/08\/20210503_111613-2-1024x768.jpg 1024w, https:\/\/opuntia-elaia.com\/wp-content\/uploads\/2022\/08\/20210503_111613-2-300x225.jpg 300w, https:\/\/opuntia-elaia.com\/wp-content\/uploads\/2022\/08\/20210503_111613-2-768x576.jpg 768w, https:\/\/opuntia-elaia.com\/wp-content\/uploads\/2022\/08\/20210503_111613-2-67x50.jpg 67w, https:\/\/opuntia-elaia.com\/wp-content\/uploads\/2022\/08\/20210503_111613-2-650x488.jpg 650w, https:\/\/opuntia-elaia.com\/wp-content\/uploads\/2022\/08\/20210503_111613-2-1000x750.jpg 1000w, https:\/\/opuntia-elaia.com\/wp-content\/uploads\/2022\/08\/20210503_111613-2.jpg 2000w\" sizes=\"(max-width: 1024px) 100vw, 1024px\" \/><\/figure>\n\n\n\n<h6 class=\"wp-block-heading\">la terrasse avec vue<\/h6>\n\n\n\n<figure class=\"wp-block-image\"><img loading=\"lazy\" decoding=\"async\" width=\"1024\" height=\"768\" src=\"https:\/\/opuntia-elaia.com\/wp-content\/uploads\/2022\/08\/20210503_112608-2-1024x768.jpg\" alt=\"\" class=\"wp-image-1060\" srcset=\"https:\/\/opuntia-elaia.com\/wp-content\/uploads\/2022\/08\/20210503_112608-2-1024x768.jpg 1024w, https:\/\/opuntia-elaia.com\/wp-content\/uploads\/2022\/08\/20210503_112608-2-300x225.jpg 300w, https:\/\/opuntia-elaia.com\/wp-content\/uploads\/2022\/08\/20210503_112608-2-768x576.jpg 768w, https:\/\/opuntia-elaia.com\/wp-content\/uploads\/2022\/08\/20210503_112608-2-67x50.jpg 67w, https:\/\/opuntia-elaia.com\/wp-content\/uploads\/2022\/08\/20210503_112608-2-650x488.jpg 650w, https:\/\/opuntia-elaia.com\/wp-content\/uploads\/2022\/08\/20210503_112608-2-1000x750.jpg 1000w, https:\/\/opuntia-elaia.com\/wp-content\/uploads\/2022\/08\/20210503_112608-2.jpg 2000w\" sizes=\"(max-width: 1024px) 100vw, 1024px\" \/><\/figure>\n\n\n\n<h6 class=\"wp-block-heading\">les chiliennes pour le farniente<\/h6>\n\n\n\n<figure class=\"wp-block-image\"><img loading=\"lazy\" decoding=\"async\" width=\"1024\" height=\"768\" src=\"https:\/\/opuntia-elaia.com\/wp-content\/uploads\/2022\/08\/Escales_mai_2021-23-1024x768.jpg\" alt=\"\" class=\"wp-image-1075\" srcset=\"https:\/\/opuntia-elaia.com\/wp-content\/uploads\/2022\/08\/Escales_mai_2021-23-1024x768.jpg 1024w, https:\/\/opuntia-elaia.com\/wp-content\/uploads\/2022\/08\/Escales_mai_2021-23-300x225.jpg 300w, https:\/\/opuntia-elaia.com\/wp-content\/uploads\/2022\/08\/Escales_mai_2021-23-768x576.jpg 768w, https:\/\/opuntia-elaia.com\/wp-content\/uploads\/2022\/08\/Escales_mai_2021-23-67x50.jpg 67w, https:\/\/opuntia-elaia.com\/wp-content\/uploads\/2022\/08\/Escales_mai_2021-23-650x488.jpg 650w, https:\/\/opuntia-elaia.com\/wp-content\/uploads\/2022\/08\/Escales_mai_2021-23-1000x750.jpg 1000w, https:\/\/opuntia-elaia.com\/wp-content\/uploads\/2022\/08\/Escales_mai_2021-23.jpg 1777w\" sizes=\"(max-width: 1024px) 100vw, 1024px\" \/><\/figure>\n\n\n\n<h6 class=\"wp-block-heading\">la chambre (avec dressing ind\u00e9pendant)<\/h6>\n\n\n\n<figure class=\"wp-block-image\"><img loading=\"lazy\" decoding=\"async\" width=\"1024\" height=\"768\" src=\"https:\/\/opuntia-elaia.com\/wp-content\/uploads\/2022\/08\/Escales_mai_2021-20-1024x768.jpg\" alt=\"\" class=\"wp-image-1074\" srcset=\"https:\/\/opuntia-elaia.com\/wp-content\/uploads\/2022\/08\/Escales_mai_2021-20-1024x768.jpg 1024w, https:\/\/opuntia-elaia.com\/wp-content\/uploads\/2022\/08\/Escales_mai_2021-20-300x225.jpg 300w, https:\/\/opuntia-elaia.com\/wp-content\/uploads\/2022\/08\/Escales_mai_2021-20-768x576.jpg 768w, https:\/\/opuntia-elaia.com\/wp-content\/uploads\/2022\/08\/Escales_mai_2021-20-67x50.jpg 67w, https:\/\/opuntia-elaia.com\/wp-content\/uploads\/2022\/08\/Escales_mai_2021-20-650x488.jpg 650w, https:\/\/opuntia-elaia.com\/wp-content\/uploads\/2022\/08\/Escales_mai_2021-20-1000x750.jpg 1000w, https:\/\/opuntia-elaia.com\/wp-content\/uploads\/2022\/08\/Escales_mai_2021-20.jpg 1777w\" sizes=\"(max-width: 1024px) 100vw, 1024px\" \/><\/figure>\n\n\n\n<h6 class=\"wp-block-heading\">la salle de bain<\/h6>\n\n\n\n<figure class=\"wp-block-image\"><img loading=\"lazy\" decoding=\"async\" width=\"1024\" height=\"768\" src=\"https:\/\/opuntia-elaia.com\/wp-content\/uploads\/2022\/08\/Escales_mai_2021-24-1024x768.jpg\" alt=\"\" class=\"wp-image-1076\" srcset=\"https:\/\/opuntia-elaia.com\/wp-content\/uploads\/2022\/08\/Escales_mai_2021-24-1024x768.jpg 1024w, https:\/\/opuntia-elaia.com\/wp-content\/uploads\/2022\/08\/Escales_mai_2021-24-300x225.jpg 300w, https:\/\/opuntia-elaia.com\/wp-content\/uploads\/2022\/08\/Escales_mai_2021-24-768x576.jpg 768w, https:\/\/opuntia-elaia.com\/wp-content\/uploads\/2022\/08\/Escales_mai_2021-24-67x50.jpg 67w, https:\/\/opuntia-elaia.com\/wp-content\/uploads\/2022\/08\/Escales_mai_2021-24-650x488.jpg 650w, https:\/\/opuntia-elaia.com\/wp-content\/uploads\/2022\/08\/Escales_mai_2021-24-1000x750.jpg 1000w, https:\/\/opuntia-elaia.com\/wp-content\/uploads\/2022\/08\/Escales_mai_2021-24.jpg 1777w\" sizes=\"(max-width: 1024px) 100vw, 1024px\" \/><\/figure>\n\n\n\n<h6 class=\"wp-block-heading\">la deuxi\u00e8me chambre offrant un lit de 90 + un fauteuil convertible de qualit\u00e9<\/h6>\n\n\n\n<p><\/p>\n\n\n\n<figure class=\"wp-block-image\"><img loading=\"lazy\" decoding=\"async\" width=\"1024\" height=\"576\" src=\"https:\/\/opuntia-elaia.com\/wp-content\/uploads\/2022\/08\/DSC_0148-1024x576.jpg\" alt=\"\" class=\"wp-image-1101\" srcset=\"https:\/\/opuntia-elaia.com\/wp-content\/uploads\/2022\/08\/DSC_0148-1024x576.jpg 1024w, https:\/\/opuntia-elaia.com\/wp-content\/uploads\/2022\/08\/DSC_0148-300x169.jpg 300w, https:\/\/opuntia-elaia.com\/wp-content\/uploads\/2022\/08\/DSC_0148-768x432.jpg 768w, https:\/\/opuntia-elaia.com\/wp-content\/uploads\/2022\/08\/DSC_0148-89x50.jpg 89w, https:\/\/opuntia-elaia.com\/wp-content\/uploads\/2022\/08\/DSC_0148-650x366.jpg 650w, https:\/\/opuntia-elaia.com\/wp-content\/uploads\/2022\/08\/DSC_0148-1000x563.jpg 1000w\" sizes=\"(max-width: 1024px) 100vw, 1024px\" \/><\/figure>\n\n\n\n<h6 class=\"wp-block-heading\">l&rsquo;entr\u00e9e<\/h6>\n\n\n\n<figure class=\"wp-block-image\"><img loading=\"lazy\" decoding=\"async\" width=\"1024\" height=\"768\" src=\"https:\/\/opuntia-elaia.com\/wp-content\/uploads\/2022\/08\/Escales_mai_2021-9-1024x768.jpg\" alt=\"\" class=\"wp-image-1070\" srcset=\"https:\/\/opuntia-elaia.com\/wp-content\/uploads\/2022\/08\/Escales_mai_2021-9-1024x768.jpg 1024w, https:\/\/opuntia-elaia.com\/wp-content\/uploads\/2022\/08\/Escales_mai_2021-9-300x225.jpg 300w, https:\/\/opuntia-elaia.com\/wp-content\/uploads\/2022\/08\/Escales_mai_2021-9-768x576.jpg 768w, https:\/\/opuntia-elaia.com\/wp-content\/uploads\/2022\/08\/Escales_mai_2021-9-67x50.jpg 67w, https:\/\/opuntia-elaia.com\/wp-content\/uploads\/2022\/08\/Escales_mai_2021-9-650x488.jpg 650w, https:\/\/opuntia-elaia.com\/wp-content\/uploads\/2022\/08\/Escales_mai_2021-9-1000x750.jpg 1000w, https:\/\/opuntia-elaia.com\/wp-content\/uploads\/2022\/08\/Escales_mai_2021-9.jpg 1777w\" sizes=\"(max-width: 1024px) 100vw, 1024px\" \/><\/figure>\n\n\n\n<h6 class=\"wp-block-heading\">la terrasse couverte c\u00f4t\u00e9 Corbi\u00e8res<\/h6>\n\n\n\n<figure class=\"wp-block-image\"><img loading=\"lazy\" decoding=\"async\" width=\"1024\" height=\"768\" src=\"https:\/\/opuntia-elaia.com\/wp-content\/uploads\/2022\/08\/Escales_mai_2021-19-1024x768.jpg\" alt=\"\" class=\"wp-image-1073\" srcset=\"https:\/\/opuntia-elaia.com\/wp-content\/uploads\/2022\/08\/Escales_mai_2021-19-1024x768.jpg 1024w, https:\/\/opuntia-elaia.com\/wp-content\/uploads\/2022\/08\/Escales_mai_2021-19-300x225.jpg 300w, https:\/\/opuntia-elaia.com\/wp-content\/uploads\/2022\/08\/Escales_mai_2021-19-768x576.jpg 768w, https:\/\/opuntia-elaia.com\/wp-content\/uploads\/2022\/08\/Escales_mai_2021-19-67x50.jpg 67w, https:\/\/opuntia-elaia.com\/wp-content\/uploads\/2022\/08\/Escales_mai_2021-19-650x488.jpg 650w, https:\/\/opuntia-elaia.com\/wp-content\/uploads\/2022\/08\/Escales_mai_2021-19-1000x750.jpg 1000w, https:\/\/opuntia-elaia.com\/wp-content\/uploads\/2022\/08\/Escales_mai_2021-19.jpg 1777w\" sizes=\"(max-width: 1024px) 100vw, 1024px\" \/><\/figure>\n\n\n\n<h6 class=\"wp-block-heading\">vue du rez-de-chauss\u00e9e sur le mini-jardin<\/h6>\n\n\n\n<figure class=\"wp-block-image\"><img loading=\"lazy\" decoding=\"async\" width=\"1024\" height=\"682\" src=\"https:\/\/opuntia-elaia.com\/wp-content\/uploads\/2022\/08\/Escales_mai_2021-11-1024x682.jpg\" alt=\"\" class=\"wp-image-1071\" srcset=\"https:\/\/opuntia-elaia.com\/wp-content\/uploads\/2022\/08\/Escales_mai_2021-11-1024x682.jpg 1024w, https:\/\/opuntia-elaia.com\/wp-content\/uploads\/2022\/08\/Escales_mai_2021-11-300x200.jpg 300w, https:\/\/opuntia-elaia.com\/wp-content\/uploads\/2022\/08\/Escales_mai_2021-11-768x512.jpg 768w, https:\/\/opuntia-elaia.com\/wp-content\/uploads\/2022\/08\/Escales_mai_2021-11-75x50.jpg 75w, https:\/\/opuntia-elaia.com\/wp-content\/uploads\/2022\/08\/Escales_mai_2021-11-650x433.jpg 650w, https:\/\/opuntia-elaia.com\/wp-content\/uploads\/2022\/08\/Escales_mai_2021-11-1000x667.jpg 1000w, https:\/\/opuntia-elaia.com\/wp-content\/uploads\/2022\/08\/Escales_mai_2021-11.jpg 2000w\" sizes=\"(max-width: 1024px) 100vw, 1024px\" \/><\/figure>\n\n\n\n<h6 class=\"wp-block-heading\">la terrasse sud<\/h6>\n\n\n\n<p><\/p>\n\n\n\n<figure class=\"wp-block-image\"><img loading=\"lazy\" decoding=\"async\" width=\"1024\" height=\"682\" src=\"https:\/\/opuntia-elaia.com\/wp-content\/uploads\/2022\/08\/Escales_mai_2021-16-1024x682.jpg\" alt=\"\" class=\"wp-image-1072\" srcset=\"https:\/\/opuntia-elaia.com\/wp-content\/uploads\/2022\/08\/Escales_mai_2021-16-1024x682.jpg 1024w, https:\/\/opuntia-elaia.com\/wp-content\/uploads\/2022\/08\/Escales_mai_2021-16-300x200.jpg 300w, https:\/\/opuntia-elaia.com\/wp-content\/uploads\/2022\/08\/Escales_mai_2021-16-768x512.jpg 768w, https:\/\/opuntia-elaia.com\/wp-content\/uploads\/2022\/08\/Escales_mai_2021-16-75x50.jpg 75w, https:\/\/opuntia-elaia.com\/wp-content\/uploads\/2022\/08\/Escales_mai_2021-16-650x433.jpg 650w, https:\/\/opuntia-elaia.com\/wp-content\/uploads\/2022\/08\/Escales_mai_2021-16-1000x667.jpg 1000w, https:\/\/opuntia-elaia.com\/wp-content\/uploads\/2022\/08\/Escales_mai_2021-16.jpg 2000w\" sizes=\"(max-width: 1024px) 100vw, 1024px\" \/><\/figure>\n\n\n\n<h6 class=\"wp-block-heading\">le mini-jardin<\/h6>\n\n\n\n<figure class=\"wp-block-image\"><img loading=\"lazy\" decoding=\"async\" width=\"1024\" height=\"768\" src=\"https:\/\/opuntia-elaia.com\/wp-content\/uploads\/2020\/03\/teouliero_location_touristique_aude_escales-2-1024x768.jpg\" alt=\"\" class=\"wp-image-527\" srcset=\"https:\/\/opuntia-elaia.com\/wp-content\/uploads\/2020\/03\/teouliero_location_touristique_aude_escales-2-1024x768.jpg 1024w, https:\/\/opuntia-elaia.com\/wp-content\/uploads\/2020\/03\/teouliero_location_touristique_aude_escales-2-300x225.jpg 300w, https:\/\/opuntia-elaia.com\/wp-content\/uploads\/2020\/03\/teouliero_location_touristique_aude_escales-2-768x576.jpg 768w, https:\/\/opuntia-elaia.com\/wp-content\/uploads\/2020\/03\/teouliero_location_touristique_aude_escales-2-67x50.jpg 67w, https:\/\/opuntia-elaia.com\/wp-content\/uploads\/2020\/03\/teouliero_location_touristique_aude_escales-2-650x488.jpg 650w, https:\/\/opuntia-elaia.com\/wp-content\/uploads\/2020\/03\/teouliero_location_touristique_aude_escales-2-1000x750.jpg 1000w, https:\/\/opuntia-elaia.com\/wp-content\/uploads\/2020\/03\/teouliero_location_touristique_aude_escales-2.jpg 1777w\" sizes=\"(max-width: 1024px) 100vw, 1024px\" \/><\/figure>\n\n\n\n<h6 class=\"wp-block-heading\">les v\u00e9los \u00e0 disposition<\/h6>\n\n\n\n<h5 class=\"wp-block-heading\">Tarifs<\/h5>\n\n\n\n<hr class=\"wp-block-separator has-css-opacity\"\/>\n\n\n\n<p><strong>Tarifs \u00e0 la semaine pour la location Opuntia<\/strong> (tout inclus, linge de maison et m\u00e9nage offerts !) :  <\/p>\n\n\n\n<p>\u25cf janvier \u00e0 avril (avant les vacances scolaires de printemps) : 295 euros<\/p>\n\n\n\n<p>\u25cf avril, mai, juin, juillet (avant les vacances scolaires d&rsquo;\u00e9t\u00e9) : 350 euros<\/p>\n\n\n\n<p>\u25cf juillet (1<sup>\u00e8re<\/sup> quinzaine, \u00e0 partir des vacances scolaires) : 550 euros  <\/p>\n\n\n\n<p>\u25cf juillet (2<sup>\u00e8me<\/sup> quinzaine) : 650 euros puis 750 euros<\/p>\n\n\n\n<p>\u25cf ao\u00fbt (3 1\u00e8res semaines) : 950 euros<\/p>\n\n\n\n<p>\u25cf ao\u00fbt (derni\u00e8re semaine) : 795 euros<\/p>\n\n\n\n<p>\u25cf  septembre (trois premi\u00e8res semaines) : 395 euros<\/p>\n\n\n\n<p>\u25cf  septembre (derni\u00e8re semaine) : 350 euros<\/p>\n\n\n\n<p>\u25cf octobre (jusqu\u2019aux vacances scolaires) : 295 euros<\/p>\n\n\n\n<p>\u25cf octobre (vacances scolaires) : 350 euros<\/p>\n\n\n\n<p>\u25cf novembre et d\u00e9cembre (2 1\u00e8res semaines) : 295 euros<\/p>\n\n\n\n<p>\u25cf d\u00e9cembre (vacances scolaires) : 350 euros<\/p>\n\n\n\n<p><strong>Location du samedi au samedi d\u2019avril \u00e0 octobre. <\/strong><br><\/p>\n\n\n\n<h5 class=\"wp-block-heading\">Disponibilit\u00e9s<\/h5>\n\n\n\n<hr class=\"wp-block-separator has-css-opacity\"\/>\n\n\n\n<p>Disponibilit\u00e9s en temps r\u00e9el sur le planning ci-dessous. <br>Contactez-nous par t\u00e9l\u00e9phone au <strong>06 73 68 87 51<\/strong> ou par mail  : <strong>contact[a]opuntia-elaia.com<\/strong><a href=\"https:\/\/opuntia-elaia.com\/index.php\/contact\/\"> <\/a> <br>(remplacez [a] par @)  <\/p>\n\n\n\n<figure><iframe loading=\"lazy\" src=\"https:\/\/calendar.google.com\/calendar\/embed?src=b6crrj64984a56v8m3bkaj7klc%40group.calendar.google.com&#038;ctz=Africa%2FCeuta\" style=\"border: 0\" width=\"800\" height=\"600\" frameborder=\"0\" scrolling=\"no\"><\/iframe><figure>\n\n\n\n<hr class=\"wp-block-separator has-css-opacity\"\/>\n","protected":false},"excerpt":{"rendered":"<p>location Opuntia Pech Pech signifie colline : la rue du Pech conduit en effet sur les hauteurs du village d&rsquo;Escales. On peut donc profiter de l&rsquo;une des terrasses de cette [&hellip;]<\/p>\n<p><a href=\"https:\/\/opuntia-elaia.com\/index.php\/opuntia-pech\/\" class=\"more-link style1-button\">Read More<\/a><\/p>","protected":false},"author":1,"featured_media":0,"parent":0,"menu_order":0,"comment_status":"closed","ping_status":"closed","template":"page-sidebar.php","meta":{"footnotes":""},"class_list":["post-990","page","type-page","status-publish","hentry"],"_links":{"self":[{"href":"https:\/\/opuntia-elaia.com\/index.php\/wp-json\/wp\/v2\/pages\/990"}],"collection":[{"href":"https:\/\/opuntia-elaia.com\/index.php\/wp-json\/wp\/v2\/pages"}],"about":[{"href":"https:\/\/opuntia-elaia.com\/index.php\/wp-json\/wp\/v2\/types\/page"}],"author":[{"embeddable":true,"href":"https:\/\/opuntia-elaia.com\/index.php\/wp-json\/wp\/v2\/users\/1"}],"replies":[{"embeddable":true,"href":"https:\/\/opuntia-elaia.com\/index.php\/wp-json\/wp\/v2\/comments?post=990"}],"version-history":[{"count":52,"href":"https:\/\/opuntia-elaia.com\/index.php\/wp-json\/wp\/v2\/pages\/990\/revisions"}],"predecessor-version":[{"id":1504,"href":"https:\/\/opuntia-elaia.com\/index.php\/wp-json\/wp\/v2\/pages\/990\/revisions\/1504"}],"wp:attachment":[{"href":"https:\/\/opuntia-elaia.com\/index.php\/wp-json\/wp\/v2\/media?parent=990"}],"curies":[{"name":"wp","href":"https:\/\/api.w.org\/{rel}","templated":true}]}}