{"id":998,"date":"2022-08-22T10:43:31","date_gmt":"2022-08-22T08:43:31","guid":{"rendered":"https:\/\/opuntia-elaia.com\/?page_id=998"},"modified":"2022-08-24T12:26:21","modified_gmt":"2022-08-24T10:26:21","slug":"opuntia-2","status":"publish","type":"page","link":"https:\/\/opuntia-elaia.com\/index.php\/opuntia-2\/","title":{"rendered":"Opuntia"},"content":{"rendered":"\n<div class=\"wp-block-image\"><figure class=\"aligncenter\"><img loading=\"lazy\" decoding=\"async\" width=\"300\" height=\"122\" src=\"https:\/\/opuntia-elaia.com\/wp-content\/uploads\/2019\/12\/logo_opuntia_elaia-03-300x122.png\" alt=\"\" class=\"wp-image-313\"\/><\/figure><\/div>\n\n\n\n<hr class=\"wp-block-separator\"\/>\n\n\n\n<h2 class=\"wp-block-heading\">Sur les hauteurs d\u2019un village typique de l\u2019Aude m\u00e9diterran\u00e9enne, au milieu des vignes, des garrigues et des pin\u00e8des, <strong>Opuntia T\u00e9ouli\u00e8ro <\/strong>et <strong>Opuntia Pech <\/strong>sont<strong> <\/strong>deux<strong> <\/strong>maisons de village en pierre traditionnelles, situ\u00e9es \u00e0 Escales, entre Corbi\u00e8res et Minervois, entre la cit\u00e9 de Carcassonne et Narbonne, entre montagne et mer. <\/h2>\n\n\n\n<p>Les deux maisons sont strictement ind\u00e9pendantes, bien qu&rsquo;elles soient mitoyennes sur une de leurs fa\u00e7ades. Elles se trouvent \u00e0 l&rsquo;angle form\u00e9 par deux rues : Opuntia T\u00e9ouli\u00e8ro rue de la T\u00e9ouli\u00e8ro, et Opuntia Pech rue du Pech, tout simplement.<\/p>\n\n\n\n<hr class=\"wp-block-separator\"\/>\n\n\n\n<figure class=\"wp-block-image\"><a href=\"https:\/\/opuntia-elaia.com\/index.php\/opuntia\/\"><img loading=\"lazy\" decoding=\"async\" width=\"1024\" height=\"769\" src=\"https:\/\/opuntia-elaia.com\/wp-content\/uploads\/2020\/03\/opuntia_escales_location_touristique_aude-1-1024x769.jpg\" alt=\"\" class=\"wp-image-852\" srcset=\"https:\/\/opuntia-elaia.com\/wp-content\/uploads\/2020\/03\/opuntia_escales_location_touristique_aude-1-1024x769.jpg 1024w, https:\/\/opuntia-elaia.com\/wp-content\/uploads\/2020\/03\/opuntia_escales_location_touristique_aude-1-300x225.jpg 300w, https:\/\/opuntia-elaia.com\/wp-content\/uploads\/2020\/03\/opuntia_escales_location_touristique_aude-1-768x576.jpg 768w, https:\/\/opuntia-elaia.com\/wp-content\/uploads\/2020\/03\/opuntia_escales_location_touristique_aude-1-67x50.jpg 67w, https:\/\/opuntia-elaia.com\/wp-content\/uploads\/2020\/03\/opuntia_escales_location_touristique_aude-1-650x488.jpg 650w, https:\/\/opuntia-elaia.com\/wp-content\/uploads\/2020\/03\/opuntia_escales_location_touristique_aude-1-1000x751.jpg 1000w, https:\/\/opuntia-elaia.com\/wp-content\/uploads\/2020\/03\/opuntia_escales_location_touristique_aude-1.jpg 2000w\" sizes=\"(max-width: 1024px) 100vw, 1024px\" \/><\/a><\/figure>\n\n\n\n<h5 class=\"wp-block-heading\"><a href=\"https:\/\/opuntia-elaia.com\/index.php\/opuntia\/\">OPUNTIA TEOULIERO<\/a><\/h5>\n\n\n\n<figure class=\"wp-block-image\"><a href=\"https:\/\/opuntia-elaia.com\/index.php\/opuntia-pech\/\"><img loading=\"lazy\" decoding=\"async\" width=\"1024\" height=\"768\" src=\"https:\/\/opuntia-elaia.com\/wp-content\/uploads\/2022\/08\/20210506_122743-2-1024x768.jpg\" alt=\"\" class=\"wp-image-1061\" srcset=\"https:\/\/opuntia-elaia.com\/wp-content\/uploads\/2022\/08\/20210506_122743-2-1024x768.jpg 1024w, https:\/\/opuntia-elaia.com\/wp-content\/uploads\/2022\/08\/20210506_122743-2-300x225.jpg 300w, https:\/\/opuntia-elaia.com\/wp-content\/uploads\/2022\/08\/20210506_122743-2-768x576.jpg 768w, https:\/\/opuntia-elaia.com\/wp-content\/uploads\/2022\/08\/20210506_122743-2-67x50.jpg 67w, https:\/\/opuntia-elaia.com\/wp-content\/uploads\/2022\/08\/20210506_122743-2-650x488.jpg 650w, https:\/\/opuntia-elaia.com\/wp-content\/uploads\/2022\/08\/20210506_122743-2-1000x750.jpg 1000w, https:\/\/opuntia-elaia.com\/wp-content\/uploads\/2022\/08\/20210506_122743-2.jpg 2000w\" sizes=\"(max-width: 1024px) 100vw, 1024px\" \/><\/a><\/figure>\n\n\n\n<h5 class=\"wp-block-heading\"><a href=\"https:\/\/opuntia-elaia.com\/index.php\/opuntia-pech\/\">OPUNTIA PECH<\/a><\/h5>\n\n\n\n<p><\/p>\n","protected":false},"excerpt":{"rendered":"<p>Sur les hauteurs d\u2019un village typique de l\u2019Aude m\u00e9diterran\u00e9enne, au milieu des vignes, des garrigues et des pin\u00e8des, Opuntia T\u00e9ouli\u00e8ro et Opuntia Pech sont deux maisons de village en pierre [&hellip;]<\/p>\n<p><a href=\"https:\/\/opuntia-elaia.com\/index.php\/opuntia-2\/\" class=\"more-link style1-button\">Read More<\/a><\/p>","protected":false},"author":1,"featured_media":0,"parent":0,"menu_order":0,"comment_status":"closed","ping_status":"closed","template":"page-sidebar.php","meta":{"footnotes":""},"class_list":["post-998","page","type-page","status-publish","hentry"],"_links":{"self":[{"href":"https:\/\/opuntia-elaia.com\/index.php\/wp-json\/wp\/v2\/pages\/998"}],"collection":[{"href":"https:\/\/opuntia-elaia.com\/index.php\/wp-json\/wp\/v2\/pages"}],"about":[{"href":"https:\/\/opuntia-elaia.com\/index.php\/wp-json\/wp\/v2\/types\/page"}],"author":[{"embeddable":true,"href":"https:\/\/opuntia-elaia.com\/index.php\/wp-json\/wp\/v2\/users\/1"}],"replies":[{"embeddable":true,"href":"https:\/\/opuntia-elaia.com\/index.php\/wp-json\/wp\/v2\/comments?post=998"}],"version-history":[{"count":20,"href":"https:\/\/opuntia-elaia.com\/index.php\/wp-json\/wp\/v2\/pages\/998\/revisions"}],"predecessor-version":[{"id":1170,"href":"https:\/\/opuntia-elaia.com\/index.php\/wp-json\/wp\/v2\/pages\/998\/revisions\/1170"}],"wp:attachment":[{"href":"https:\/\/opuntia-elaia.com\/index.php\/wp-json\/wp\/v2\/media?parent=998"}],"curies":[{"name":"wp","href":"https:\/\/api.w.org\/{rel}","templated":true}]}}